{"id":2865,"date":"2021-07-02T10:53:41","date_gmt":"2021-07-02T07:53:41","guid":{"rendered":"https:\/\/lukkan.fi\/om-oss\/"},"modified":"2025-08-08T16:38:27","modified_gmt":"2025-08-08T13:38:27","slug":"om-oss","status":"publish","type":"page","link":"https:\/\/lukkan.fi\/sv\/om-oss\/","title":{"rendered":"Om oss"},"content":{"rendered":"\n<h1>\n\t\t\tF\u00f6r ett b\u00e4ttre boende sedan 1989 &#8211; Du f\u00e5r underh\u00e5llsfri kvalitet fr\u00e5n Lukkan i decennier.\t<\/h1>\n\t\t\t\t<img loading=\"lazy\" decoding=\"async\" src=\"https:\/\/lukkan.fi\/wp-content\/uploads\/2025\/07\/Lukkan-sydan-sininen-2.png\" alt=\"Lukkan syda\u0308n sininen (2)\" itemprop=\"image\" height=\"48\" width=\"50\" title=\"Lukkan syda\u0308n sininen (2)\" onerror=\"this.style.display='none'\" loading=\"lazy\" \/>\n\t<h6>Lukkan har alltid drivits av en \u00f6nskan att g\u00f6ra saker \u00e4nnu b\u00e4ttre, och detta \u00e5terspeglas i den kompromissl\u00f6sa kvaliteten i v\u00e5ra produkter.<\/h6>\n\t<h6><strong data-start=\"63\" data-end=\"107\">L\u00e5nglivade produkter mot eng\u00e5ngskulturen<\/strong><\/h6>\n<p>Lukkan har fr\u00e5n f\u00f6rsta b\u00f6rjan drivits av viljan att g\u00f6ra saker lite b\u00e4ttre, och detta m\u00e4rks i den kompromissl\u00f6sa kvaliteten p\u00e5 v\u00e5ra nuvarande produkter. F\u00f6r oss \u00e4r det viktigt att v\u00e5ra produkter \u00e4r l\u00e5nglivade. Glasl\u00f6sningar kan vid f\u00f6rsta anblicken se mycket lika ut, men skillnaderna ligger i komponenternas kvalitet och i designens detaljer. Vi bedriver kontinuerlig produktutveckling och lanserar nya, \u00e4nnu b\u00e4ttre produkter.<\/p>\n<h6><strong data-start=\"541\" data-end=\"596\">Industriella traditioner i egen produktion i Lahtis<\/strong><\/h6>\n<p>Till skillnad fr\u00e5n n\u00e4stan alla andra i v\u00e5r bransch tillverkar v\u00e5r egen glasfabrik de glas som anv\u00e4nds i v\u00e5ra produkter. Den egna glasproduktionen ger oss snabbhet, flexibilitet och kostnadsf\u00f6rdelar. Med egen produktion s\u00e4kerst\u00e4ller vi \u00e4ven kvaliteten p\u00e5 de h\u00e4rdade s\u00e4kerhetsglasen. V\u00e5ra medarbetare \u00e4r stolta \u00f6ver sin yrkesskicklighet, och m\u00e5nga av dem har \u00f6ver 30 \u00e5rs erfarenhet fr\u00e5n v\u00e5r glasfabrik. V\u00e5ra produkter tillverkas n\u00e4stan uteslutande av komponenter och material som upphandlats i Finland. De s\u00e4ljs och installeras i hela Finland, men ocks\u00e5 i Sverige, Norge och Tyskland.<\/p>\n<h2>\n\t\t\tMilj\u00f6v\u00e4nligt alternativ\t<\/h2>\nV\u00e5ra produktionsbiprodukter \u00e5tervinns till hundra procent och vi anv\u00e4nder i st\u00f6rsta m\u00f6jliga m\u00e5n \u00e5tervunnet r\u00e5material i v\u00e5r produktion. Till exempel \u00e4r aluminium en v\u00e4rdefull metall med mycket h\u00f6g \u00e5tervinningsgrad. \u00c4ven en del av v\u00e5ra plastkomponenter tillverkas av \u00e5tervunnet material. De material som anv\u00e4nds i Lukkan-glasl\u00f6sningar h\u00e5ller sig i gott skick i flera \u00e5rtionden.\n\t\t\t\t<img loading=\"lazy\" decoding=\"async\" src=\"https:\/\/lukkan.fi\/wp-content\/uploads\/2022\/01\/Lukkan_Meista_ylabanneri_UUSI.webp\" alt=\"Useita Lukkanin ty\u00f6ntekij\u00f6it\u00e4 yhteiskuvassa\" itemprop=\"image\" height=\"900\" width=\"1632\" title=\"Lukkan_Meista_ylabanneri_UUSI\" onerror=\"this.style.display='none'\" loading=\"lazy\" \/>\n<h2>\n\t\t\tLukkan \u00e4r en del av Aluroll-koncernen\t<\/h2>\n\tDet finska Aluroll-koncernen \u00e4ger varum\u00e4rkena Lukkan och Nika, med vilka man tillverkar produkter f\u00f6r balkong- och terrassinglasning. Lukkan-produkterna s\u00e4ljs och installeras i Finland via v\u00e5rt rikst\u00e4ckande \u00e5terf\u00f6rs\u00e4ljarn\u00e4tverk. Till koncernen h\u00f6r \u00e4ven Nika Lasitus Oy, som genomf\u00f6r projekt med Nika-balkongfasadprodukter i huvudstadsregionen, Nika Inglasning AB, som s\u00e4ljer Nika-produkter i Sverige, samt Nika Norge AS, som s\u00e4ljer Nika-produkter i Norge.\nV\u00e5rt m\u00e5l \u00e4r att betj\u00e4na och st\u00f6tta v\u00e5ra \u00e5terf\u00f6rs\u00e4ljare samt slutkunder p\u00e5 b\u00e4sta m\u00f6jliga s\u00e4tt. Ber\u00e4tta g\u00e4rna hur vi kan f\u00f6rb\u00e4ttra v\u00e5r verksamhet &#8211; vi utvecklar st\u00e4ndigt v\u00e5rt arbete med kunden i centrum. Du kan skicka feedback till <a rel=\"noopener\" data-start=\"689\" data-end=\"713\">asiakaspalvelu@lukkan.fi<\/a> eller ringa 020 734 3450.\n\n","protected":false},"excerpt":{"rendered":"<p>F\u00f6r ett b\u00e4ttre boende sedan 1989 &#8211; Du f\u00e5r underh\u00e5llsfri kvalitet fr\u00e5n Lukkan i decennier. Lukkan har alltid drivits av en \u00f6nskan att g\u00f6ra saker \u00e4nnu b\u00e4ttre, och detta \u00e5terspeglas i den kompromissl\u00f6sa kvaliteten i v\u00e5ra produkter. L\u00e5nglivade produkter mot eng\u00e5ngskulturen Lukkan har fr\u00e5n f\u00f6rsta b\u00f6rjan drivits av viljan att g\u00f6ra saker lite b\u00e4ttre, och [&hellip;]<\/p>\n","protected":false},"author":12,"featured_media":0,"parent":0,"menu_order":0,"comment_status":"closed","ping_status":"closed","template":"page-beaver.php","meta":{"_acf_changed":false,"footnotes":""},"class_list":["post-2865","page","type-page","status-publish","hentry"],"acf":[],"yoast_head":"<!-- This site is optimized with the Yoast SEO Premium plugin v25.8 (Yoast SEO v27.5) - https:\/\/yoast.com\/product\/yoast-seo-premium-wordpress\/ -->\n<title>Om oss | Lukkan<\/title>\n<meta name=\"robots\" content=\"index, follow, max-snippet:-1, max-image-preview:large, max-video-preview:-1\" \/>\n<link rel=\"canonical\" href=\"https:\/\/lukkan.fi\/sv\/om-oss\/\" \/>\n<meta property=\"og:locale\" content=\"sv_SE\" \/>\n<meta property=\"og:type\" content=\"article\" \/>\n<meta property=\"og:title\" content=\"Om oss\" \/>\n<meta property=\"og:description\" content=\"F\u00f6r ett b\u00e4ttre boende sedan 1989 &#8211; Du f\u00e5r underh\u00e5llsfri kvalitet fr\u00e5n Lukkan i decennier. Lukkan har alltid drivits av en \u00f6nskan att g\u00f6ra saker \u00e4nnu b\u00e4ttre, och detta \u00e5terspeglas i den kompromissl\u00f6sa kvaliteten i v\u00e5ra produkter. L\u00e5nglivade produkter mot eng\u00e5ngskulturen Lukkan har fr\u00e5n f\u00f6rsta b\u00f6rjan drivits av viljan att g\u00f6ra saker lite b\u00e4ttre, och [&hellip;]\" \/>\n<meta property=\"og:url\" content=\"https:\/\/lukkan.fi\/sv\/om-oss\/\" \/>\n<meta property=\"og:site_name\" content=\"Lukkan\" \/>\n<meta property=\"article:publisher\" content=\"https:\/\/www.facebook.com\/Lukkanlasitusjarjestelmat\" \/>\n<meta property=\"article:modified_time\" content=\"2025-08-08T13:38:27+00:00\" \/>\n<meta property=\"og:image\" content=\"https:\/\/lukkan.fi\/wp-content\/uploads\/2022\/01\/Terassilasit-helsinki.webp\" \/>\n\t<meta property=\"og:image:width\" content=\"1170\" \/>\n\t<meta property=\"og:image:height\" content=\"764\" \/>\n\t<meta property=\"og:image:type\" content=\"image\/webp\" \/>\n<meta name=\"twitter:card\" content=\"summary_large_image\" \/>\n<meta name=\"twitter:label1\" content=\"Ber\u00e4knad l\u00e4stid\" \/>\n\t<meta name=\"twitter:data1\" content=\"2 minuter\" \/>\n<script type=\"application\/ld+json\" class=\"yoast-schema-graph\">{\"@context\":\"https:\\\/\\\/schema.org\",\"@graph\":[{\"@type\":\"WebPage\",\"@id\":\"https:\\\/\\\/lukkan.fi\\\/sv\\\/om-oss\\\/\",\"url\":\"https:\\\/\\\/lukkan.fi\\\/sv\\\/om-oss\\\/\",\"name\":\"Om oss | Lukkan\",\"isPartOf\":{\"@id\":\"https:\\\/\\\/lukkan.fi\\\/#website\"},\"primaryImageOfPage\":{\"@id\":\"https:\\\/\\\/lukkan.fi\\\/sv\\\/om-oss\\\/#primaryimage\"},\"image\":{\"@id\":\"https:\\\/\\\/lukkan.fi\\\/sv\\\/om-oss\\\/#primaryimage\"},\"thumbnailUrl\":\"https:\\\/\\\/lukkan.fi\\\/wp-content\\\/uploads\\\/2025\\\/07\\\/Lukkan-sydan-sininen-2.png\",\"datePublished\":\"2021-07-02T07:53:41+00:00\",\"dateModified\":\"2025-08-08T13:38:27+00:00\",\"breadcrumb\":{\"@id\":\"https:\\\/\\\/lukkan.fi\\\/sv\\\/om-oss\\\/#breadcrumb\"},\"inLanguage\":\"sv-SE\",\"potentialAction\":[{\"@type\":\"ReadAction\",\"target\":[\"https:\\\/\\\/lukkan.fi\\\/sv\\\/om-oss\\\/\"]}]},{\"@type\":\"ImageObject\",\"inLanguage\":\"sv-SE\",\"@id\":\"https:\\\/\\\/lukkan.fi\\\/sv\\\/om-oss\\\/#primaryimage\",\"url\":\"https:\\\/\\\/lukkan.fi\\\/wp-content\\\/uploads\\\/2025\\\/07\\\/Lukkan-sydan-sininen-2.png\",\"contentUrl\":\"https:\\\/\\\/lukkan.fi\\\/wp-content\\\/uploads\\\/2025\\\/07\\\/Lukkan-sydan-sininen-2.png\"},{\"@type\":\"BreadcrumbList\",\"@id\":\"https:\\\/\\\/lukkan.fi\\\/sv\\\/om-oss\\\/#breadcrumb\",\"itemListElement\":[{\"@type\":\"ListItem\",\"position\":1,\"name\":\"Etusivu\",\"item\":\"https:\\\/\\\/lukkan.fi\\\/\"},{\"@type\":\"ListItem\",\"position\":2,\"name\":\"Om oss\"}]},{\"@type\":\"WebSite\",\"@id\":\"https:\\\/\\\/lukkan.fi\\\/#website\",\"url\":\"https:\\\/\\\/lukkan.fi\\\/\",\"name\":\"Lukkan | Sinun el\u00e4m\u00e4si tila\",\"description\":\"Sinun el\u00e4m\u00e4si tila\",\"publisher\":{\"@id\":\"https:\\\/\\\/lukkan.fi\\\/#organization\"},\"potentialAction\":[{\"@type\":\"SearchAction\",\"target\":{\"@type\":\"EntryPoint\",\"urlTemplate\":\"https:\\\/\\\/lukkan.fi\\\/?s={search_term_string}\"},\"query-input\":{\"@type\":\"PropertyValueSpecification\",\"valueRequired\":true,\"valueName\":\"search_term_string\"}}],\"inLanguage\":\"sv-SE\"},{\"@type\":\"Organization\",\"@id\":\"https:\\\/\\\/lukkan.fi\\\/#organization\",\"name\":\"Lukkan\",\"url\":\"https:\\\/\\\/lukkan.fi\\\/\",\"logo\":{\"@type\":\"ImageObject\",\"inLanguage\":\"sv-SE\",\"@id\":\"https:\\\/\\\/lukkan.fi\\\/#\\\/schema\\\/logo\\\/image\\\/\",\"url\":\"https:\\\/\\\/lukkan.fi\\\/wp-content\\\/uploads\\\/2021\\\/05\\\/lukkan-logo-fb.png\",\"contentUrl\":\"https:\\\/\\\/lukkan.fi\\\/wp-content\\\/uploads\\\/2021\\\/05\\\/lukkan-logo-fb.png\",\"width\":225,\"height\":225,\"caption\":\"Lukkan\"},\"image\":{\"@id\":\"https:\\\/\\\/lukkan.fi\\\/#\\\/schema\\\/logo\\\/image\\\/\"},\"sameAs\":[\"https:\\\/\\\/www.facebook.com\\\/Lukkanlasitusjarjestelmat\",\"https:\\\/\\\/www.instagram.com\\\/lukkan_lasitus\\\/\"],\"description\":\"Meid\u00e4n yrityksemme tarina alkaa vuodesta 1989, jolloin Lukkan-tuotteita valmistava Aluroll Oy perustettiin Sipoossa, Boxin kyl\u00e4ss\u00e4. Koska emme l\u00f6yt\u00e4neet tuon ajan markkinoilta tarpeeksi laadukkaita liukulaseja, p\u00e4\u00e4timme alkaa valmistaa tuotteita itse. Liukulaseja seurasivat jo pian ratkaisut sek\u00e4 kiinteisiin lasituksiin ett\u00e4 alumiinikaiteisiin, ja lis\u00e4\u00e4 seurasi per\u00e4ss\u00e4. Pitk\u00e4ik\u00e4isi\u00e4 tuotteita kertak\u00e4ytt\u00f6kulttuuria vastaan Lukkanin tekemist\u00e4 on alusta alkaen ajanut halu tehd\u00e4 asiat viel\u00e4 v\u00e4h\u00e4n paremmin, ja t\u00e4m\u00e4 n\u00e4kyy nykyisten tuotteittemme tinkim\u00e4tt\u00f6m\u00e4ss\u00e4 laadussa. Meille on t\u00e4rke\u00e4\u00e4, ett\u00e4 tuotteemme ovat pitk\u00e4ik\u00e4isi\u00e4. N\u00e4enn\u00e4isesti eri lasitukset voivat olla hyvin saman n\u00e4k\u00f6isi\u00e4, mutta erot piilev\u00e4t komponenttien laadussa ja suunnittelun yksityiskohdissa. Teemme jatkuvaa tuotekehityst\u00e4 ja lanseeraamme uusia entist\u00e4 parempia tuotteita. Teolliset perinteet omassa tuotannossa Lahdessa Poiketen l\u00e4hes kaikista muista toimialallamme, oma lasitehtaamme valmistaa tuotteissamme k\u00e4ytetyt lasit. Oma lasituotanto tuo toimintaamme nopeutta, ketteryytt\u00e4 ja kustannusetua. Omalla tuotannolla varmistamme my\u00f6s karkaistujen turvalasien laadun. Ty\u00f6ntekij\u00e4mme ovat ylpeit\u00e4 ammattitaidostaan ja monella heist\u00e4 on yli 30 vuoden ura takanaan lasitehtaallamme. Tuotteemme valmistetaan l\u00e4hes yksinomaan Suomessa alihankituista komponenteista ja materiaaleista. Tuotteitamme j\u00e4lleenmyyd\u00e4\u00e4n ja asennetaan Suomessa koko maan kattavalla alueella, mutta my\u00f6s Ruotsissa, Norjassa ja Saksassa.\",\"email\":\"asiakaspalvelu@lukkan.fi\",\"telephone\":\"0291 230 221\",\"legalName\":\"Aluroll Oy\",\"foundingDate\":\"1989-08-21\",\"vatID\":\"FI07622005\",\"numberOfEmployees\":{\"@type\":\"QuantitativeValue\",\"minValue\":\"51\",\"maxValue\":\"200\"}}]}<\/script>\n<!-- \/ Yoast SEO Premium plugin. -->","yoast_head_json":{"title":"Om oss | Lukkan","robots":{"index":"index","follow":"follow","max-snippet":"max-snippet:-1","max-image-preview":"max-image-preview:large","max-video-preview":"max-video-preview:-1"},"canonical":"https:\/\/lukkan.fi\/sv\/om-oss\/","og_locale":"sv_SE","og_type":"article","og_title":"Om oss","og_description":"F\u00f6r ett b\u00e4ttre boende sedan 1989 &#8211; Du f\u00e5r underh\u00e5llsfri kvalitet fr\u00e5n Lukkan i decennier. Lukkan har alltid drivits av en \u00f6nskan att g\u00f6ra saker \u00e4nnu b\u00e4ttre, och detta \u00e5terspeglas i den kompromissl\u00f6sa kvaliteten i v\u00e5ra produkter. L\u00e5nglivade produkter mot eng\u00e5ngskulturen Lukkan har fr\u00e5n f\u00f6rsta b\u00f6rjan drivits av viljan att g\u00f6ra saker lite b\u00e4ttre, och [&hellip;]","og_url":"https:\/\/lukkan.fi\/sv\/om-oss\/","og_site_name":"Lukkan","article_publisher":"https:\/\/www.facebook.com\/Lukkanlasitusjarjestelmat","article_modified_time":"2025-08-08T13:38:27+00:00","og_image":[{"width":1170,"height":764,"url":"https:\/\/lukkan.fi\/wp-content\/uploads\/2022\/01\/Terassilasit-helsinki.webp","type":"image\/webp"}],"twitter_card":"summary_large_image","twitter_misc":{"Ber\u00e4knad l\u00e4stid":"2 minuter"},"schema":{"@context":"https:\/\/schema.org","@graph":[{"@type":"WebPage","@id":"https:\/\/lukkan.fi\/sv\/om-oss\/","url":"https:\/\/lukkan.fi\/sv\/om-oss\/","name":"Om oss | Lukkan","isPartOf":{"@id":"https:\/\/lukkan.fi\/#website"},"primaryImageOfPage":{"@id":"https:\/\/lukkan.fi\/sv\/om-oss\/#primaryimage"},"image":{"@id":"https:\/\/lukkan.fi\/sv\/om-oss\/#primaryimage"},"thumbnailUrl":"https:\/\/lukkan.fi\/wp-content\/uploads\/2025\/07\/Lukkan-sydan-sininen-2.png","datePublished":"2021-07-02T07:53:41+00:00","dateModified":"2025-08-08T13:38:27+00:00","breadcrumb":{"@id":"https:\/\/lukkan.fi\/sv\/om-oss\/#breadcrumb"},"inLanguage":"sv-SE","potentialAction":[{"@type":"ReadAction","target":["https:\/\/lukkan.fi\/sv\/om-oss\/"]}]},{"@type":"ImageObject","inLanguage":"sv-SE","@id":"https:\/\/lukkan.fi\/sv\/om-oss\/#primaryimage","url":"https:\/\/lukkan.fi\/wp-content\/uploads\/2025\/07\/Lukkan-sydan-sininen-2.png","contentUrl":"https:\/\/lukkan.fi\/wp-content\/uploads\/2025\/07\/Lukkan-sydan-sininen-2.png"},{"@type":"BreadcrumbList","@id":"https:\/\/lukkan.fi\/sv\/om-oss\/#breadcrumb","itemListElement":[{"@type":"ListItem","position":1,"name":"Etusivu","item":"https:\/\/lukkan.fi\/"},{"@type":"ListItem","position":2,"name":"Om oss"}]},{"@type":"WebSite","@id":"https:\/\/lukkan.fi\/#website","url":"https:\/\/lukkan.fi\/","name":"Lukkan | Sinun el\u00e4m\u00e4si tila","description":"Sinun el\u00e4m\u00e4si tila","publisher":{"@id":"https:\/\/lukkan.fi\/#organization"},"potentialAction":[{"@type":"SearchAction","target":{"@type":"EntryPoint","urlTemplate":"https:\/\/lukkan.fi\/?s={search_term_string}"},"query-input":{"@type":"PropertyValueSpecification","valueRequired":true,"valueName":"search_term_string"}}],"inLanguage":"sv-SE"},{"@type":"Organization","@id":"https:\/\/lukkan.fi\/#organization","name":"Lukkan","url":"https:\/\/lukkan.fi\/","logo":{"@type":"ImageObject","inLanguage":"sv-SE","@id":"https:\/\/lukkan.fi\/#\/schema\/logo\/image\/","url":"https:\/\/lukkan.fi\/wp-content\/uploads\/2021\/05\/lukkan-logo-fb.png","contentUrl":"https:\/\/lukkan.fi\/wp-content\/uploads\/2021\/05\/lukkan-logo-fb.png","width":225,"height":225,"caption":"Lukkan"},"image":{"@id":"https:\/\/lukkan.fi\/#\/schema\/logo\/image\/"},"sameAs":["https:\/\/www.facebook.com\/Lukkanlasitusjarjestelmat","https:\/\/www.instagram.com\/lukkan_lasitus\/"],"description":"Meid\u00e4n yrityksemme tarina alkaa vuodesta 1989, jolloin Lukkan-tuotteita valmistava Aluroll Oy perustettiin Sipoossa, Boxin kyl\u00e4ss\u00e4. Koska emme l\u00f6yt\u00e4neet tuon ajan markkinoilta tarpeeksi laadukkaita liukulaseja, p\u00e4\u00e4timme alkaa valmistaa tuotteita itse. Liukulaseja seurasivat jo pian ratkaisut sek\u00e4 kiinteisiin lasituksiin ett\u00e4 alumiinikaiteisiin, ja lis\u00e4\u00e4 seurasi per\u00e4ss\u00e4. Pitk\u00e4ik\u00e4isi\u00e4 tuotteita kertak\u00e4ytt\u00f6kulttuuria vastaan Lukkanin tekemist\u00e4 on alusta alkaen ajanut halu tehd\u00e4 asiat viel\u00e4 v\u00e4h\u00e4n paremmin, ja t\u00e4m\u00e4 n\u00e4kyy nykyisten tuotteittemme tinkim\u00e4tt\u00f6m\u00e4ss\u00e4 laadussa. Meille on t\u00e4rke\u00e4\u00e4, ett\u00e4 tuotteemme ovat pitk\u00e4ik\u00e4isi\u00e4. N\u00e4enn\u00e4isesti eri lasitukset voivat olla hyvin saman n\u00e4k\u00f6isi\u00e4, mutta erot piilev\u00e4t komponenttien laadussa ja suunnittelun yksityiskohdissa. Teemme jatkuvaa tuotekehityst\u00e4 ja lanseeraamme uusia entist\u00e4 parempia tuotteita. Teolliset perinteet omassa tuotannossa Lahdessa Poiketen l\u00e4hes kaikista muista toimialallamme, oma lasitehtaamme valmistaa tuotteissamme k\u00e4ytetyt lasit. Oma lasituotanto tuo toimintaamme nopeutta, ketteryytt\u00e4 ja kustannusetua. Omalla tuotannolla varmistamme my\u00f6s karkaistujen turvalasien laadun. Ty\u00f6ntekij\u00e4mme ovat ylpeit\u00e4 ammattitaidostaan ja monella heist\u00e4 on yli 30 vuoden ura takanaan lasitehtaallamme. Tuotteemme valmistetaan l\u00e4hes yksinomaan Suomessa alihankituista komponenteista ja materiaaleista. Tuotteitamme j\u00e4lleenmyyd\u00e4\u00e4n ja asennetaan Suomessa koko maan kattavalla alueella, mutta my\u00f6s Ruotsissa, Norjassa ja Saksassa.","email":"asiakaspalvelu@lukkan.fi","telephone":"0291 230 221","legalName":"Aluroll Oy","foundingDate":"1989-08-21","vatID":"FI07622005","numberOfEmployees":{"@type":"QuantitativeValue","minValue":"51","maxValue":"200"}}]}},"_links":{"self":[{"href":"https:\/\/lukkan.fi\/sv\/wp-json\/wp\/v2\/pages\/2865","targetHints":{"allow":["GET"]}}],"collection":[{"href":"https:\/\/lukkan.fi\/sv\/wp-json\/wp\/v2\/pages"}],"about":[{"href":"https:\/\/lukkan.fi\/sv\/wp-json\/wp\/v2\/types\/page"}],"author":[{"embeddable":true,"href":"https:\/\/lukkan.fi\/sv\/wp-json\/wp\/v2\/users\/12"}],"replies":[{"embeddable":true,"href":"https:\/\/lukkan.fi\/sv\/wp-json\/wp\/v2\/comments?post=2865"}],"version-history":[{"count":3,"href":"https:\/\/lukkan.fi\/sv\/wp-json\/wp\/v2\/pages\/2865\/revisions"}],"predecessor-version":[{"id":7721,"href":"https:\/\/lukkan.fi\/sv\/wp-json\/wp\/v2\/pages\/2865\/revisions\/7721"}],"wp:attachment":[{"href":"https:\/\/lukkan.fi\/sv\/wp-json\/wp\/v2\/media?parent=2865"}],"curies":[{"name":"wp","href":"https:\/\/api.w.org\/{rel}","templated":true}]}}