{"id":3104,"date":"2021-08-24T13:10:22","date_gmt":"2021-08-24T10:10:22","guid":{"rendered":"https:\/\/lukkan.fi\/aterforsaljare\/"},"modified":"2021-08-25T11:31:09","modified_gmt":"2021-08-25T08:31:09","slug":"aterforsaljare","status":"publish","type":"page","link":"https:\/\/lukkan.fi\/sv\/aterforsaljare\/","title":{"rendered":"\u00c5terf\u00f6rs\u00e4ljare"},"content":{"rendered":"<p>Med en hantverkares stolthet och flera decenniers erfarenhet s\u00e4ljs och installeras Lukkan av ett stort antal lokala butiker \u00f6ver hela Finland. Under de senaste \u00e5ren har f\u00f6retag som specialiserat sig p\u00e5 terrass och balkongglas ocks\u00e5 alltmer blivit v\u00e5ra \u00e5terf\u00f6rs\u00e4ljare. Genom att k\u00f6pa en Lukkan -terrass st\u00f6der du ocks\u00e5 ditt eget lokalsamh\u00e4lle, eftersom din n\u00e4rmaste \u00e5terf\u00f6rs\u00e4ljare \u00e4r ett litet f\u00f6retag i ditt omr\u00e5de.<\/p>\n","protected":false},"excerpt":{"rendered":"<p>Med en hantverkares stolthet och flera decenniers erfarenhet s\u00e4ljs och installeras Lukkan av ett stort antal lokala butiker \u00f6ver hela Finland. Under de senaste \u00e5ren har f\u00f6retag som specialiserat sig p\u00e5 terrass och balkongglas ocks\u00e5 alltmer blivit v\u00e5ra \u00e5terf\u00f6rs\u00e4ljare. Genom att k\u00f6pa en Lukkan -terrass st\u00f6der du ocks\u00e5 ditt eget lokalsamh\u00e4lle, eftersom din n\u00e4rmaste \u00e5terf\u00f6rs\u00e4ljare [&hellip;]<\/p>\n","protected":false},"author":12,"featured_media":0,"parent":0,"menu_order":0,"comment_status":"closed","ping_status":"closed","template":"page-jalleenmyyjapohja.php","meta":{"_acf_changed":false,"footnotes":""},"class_list":["post-3104","page","type-page","status-publish","hentry"],"acf":[],"yoast_head":"<!-- This site is optimized with the Yoast SEO Premium plugin v25.8 (Yoast SEO v27.5) - https:\/\/yoast.com\/product\/yoast-seo-premium-wordpress\/ -->\n<title>Lukkan \u00c5terf\u00f6rs\u00e4ljare | Hitta den l\u00e4mpligaste \u00e5terf\u00f6rs\u00e4ljaren p\u00e5 kartan<\/title>\n<meta name=\"description\" content=\"Lukkan \u00c5terf\u00f6rs\u00e4ljare | En m\u00e5ngfaldig grupp lokala \u00e5terf\u00f6rs\u00e4ljare \u00f6ver hela Finland arbetar med Lukkan. Hitta din r\u00e4tt \u00e5terf\u00f6rs\u00e4ljare.\" \/>\n<meta name=\"robots\" content=\"index, follow, max-snippet:-1, max-image-preview:large, max-video-preview:-1\" \/>\n<link rel=\"canonical\" href=\"https:\/\/lukkan.fi\/sv\/aterforsaljare\/\" \/>\n<meta property=\"og:locale\" content=\"sv_SE\" \/>\n<meta property=\"og:type\" content=\"article\" \/>\n<meta property=\"og:title\" content=\"\u00c5terf\u00f6rs\u00e4ljare\" \/>\n<meta property=\"og:description\" content=\"Lukkan \u00c5terf\u00f6rs\u00e4ljare | En m\u00e5ngfaldig grupp lokala \u00e5terf\u00f6rs\u00e4ljare \u00f6ver hela Finland arbetar med Lukkan. Hitta din r\u00e4tt \u00e5terf\u00f6rs\u00e4ljare.\" \/>\n<meta property=\"og:url\" content=\"https:\/\/lukkan.fi\/sv\/aterforsaljare\/\" \/>\n<meta property=\"og:site_name\" content=\"Lukkan\" \/>\n<meta property=\"article:publisher\" content=\"https:\/\/www.facebook.com\/Lukkanlasitusjarjestelmat\" \/>\n<meta property=\"article:modified_time\" content=\"2021-08-25T08:31:09+00:00\" \/>\n<meta property=\"og:image\" content=\"https:\/\/lukkan.fi\/wp-content\/uploads\/2022\/01\/Terassilasit-helsinki.webp\" \/>\n\t<meta property=\"og:image:width\" content=\"1170\" \/>\n\t<meta property=\"og:image:height\" content=\"764\" \/>\n\t<meta property=\"og:image:type\" content=\"image\/webp\" \/>\n<meta name=\"twitter:card\" content=\"summary_large_image\" \/>\n<meta name=\"twitter:label1\" content=\"Ber\u00e4knad l\u00e4stid\" \/>\n\t<meta name=\"twitter:data1\" content=\"1 minut\" \/>\n<script type=\"application\/ld+json\" class=\"yoast-schema-graph\">{\"@context\":\"https:\\\/\\\/schema.org\",\"@graph\":[{\"@type\":\"WebPage\",\"@id\":\"https:\\\/\\\/lukkan.fi\\\/sv\\\/aterforsaljare\\\/\",\"url\":\"https:\\\/\\\/lukkan.fi\\\/sv\\\/aterforsaljare\\\/\",\"name\":\"Lukkan \u00c5terf\u00f6rs\u00e4ljare | Hitta den l\u00e4mpligaste \u00e5terf\u00f6rs\u00e4ljaren p\u00e5 kartan\",\"isPartOf\":{\"@id\":\"https:\\\/\\\/lukkan.fi\\\/#website\"},\"datePublished\":\"2021-08-24T10:10:22+00:00\",\"dateModified\":\"2021-08-25T08:31:09+00:00\",\"description\":\"Lukkan \u00c5terf\u00f6rs\u00e4ljare | En m\u00e5ngfaldig grupp lokala \u00e5terf\u00f6rs\u00e4ljare \u00f6ver hela Finland arbetar med Lukkan. Hitta din r\u00e4tt \u00e5terf\u00f6rs\u00e4ljare.\",\"breadcrumb\":{\"@id\":\"https:\\\/\\\/lukkan.fi\\\/sv\\\/aterforsaljare\\\/#breadcrumb\"},\"inLanguage\":\"sv-SE\",\"potentialAction\":[{\"@type\":\"ReadAction\",\"target\":[\"https:\\\/\\\/lukkan.fi\\\/sv\\\/aterforsaljare\\\/\"]}]},{\"@type\":\"BreadcrumbList\",\"@id\":\"https:\\\/\\\/lukkan.fi\\\/sv\\\/aterforsaljare\\\/#breadcrumb\",\"itemListElement\":[{\"@type\":\"ListItem\",\"position\":1,\"name\":\"Etusivu\",\"item\":\"https:\\\/\\\/lukkan.fi\\\/\"},{\"@type\":\"ListItem\",\"position\":2,\"name\":\"\u00c5terf\u00f6rs\u00e4ljare\"}]},{\"@type\":\"WebSite\",\"@id\":\"https:\\\/\\\/lukkan.fi\\\/#website\",\"url\":\"https:\\\/\\\/lukkan.fi\\\/\",\"name\":\"Lukkan | Sinun el\u00e4m\u00e4si tila\",\"description\":\"Sinun el\u00e4m\u00e4si tila\",\"publisher\":{\"@id\":\"https:\\\/\\\/lukkan.fi\\\/#organization\"},\"potentialAction\":[{\"@type\":\"SearchAction\",\"target\":{\"@type\":\"EntryPoint\",\"urlTemplate\":\"https:\\\/\\\/lukkan.fi\\\/?s={search_term_string}\"},\"query-input\":{\"@type\":\"PropertyValueSpecification\",\"valueRequired\":true,\"valueName\":\"search_term_string\"}}],\"inLanguage\":\"sv-SE\"},{\"@type\":\"Organization\",\"@id\":\"https:\\\/\\\/lukkan.fi\\\/#organization\",\"name\":\"Lukkan\",\"url\":\"https:\\\/\\\/lukkan.fi\\\/\",\"logo\":{\"@type\":\"ImageObject\",\"inLanguage\":\"sv-SE\",\"@id\":\"https:\\\/\\\/lukkan.fi\\\/#\\\/schema\\\/logo\\\/image\\\/\",\"url\":\"https:\\\/\\\/lukkan.fi\\\/wp-content\\\/uploads\\\/2021\\\/05\\\/lukkan-logo-fb.png\",\"contentUrl\":\"https:\\\/\\\/lukkan.fi\\\/wp-content\\\/uploads\\\/2021\\\/05\\\/lukkan-logo-fb.png\",\"width\":225,\"height\":225,\"caption\":\"Lukkan\"},\"image\":{\"@id\":\"https:\\\/\\\/lukkan.fi\\\/#\\\/schema\\\/logo\\\/image\\\/\"},\"sameAs\":[\"https:\\\/\\\/www.facebook.com\\\/Lukkanlasitusjarjestelmat\",\"https:\\\/\\\/www.instagram.com\\\/lukkan_lasitus\\\/\"],\"description\":\"Meid\u00e4n yrityksemme tarina alkaa vuodesta 1989, jolloin Lukkan-tuotteita valmistava Aluroll Oy perustettiin Sipoossa, Boxin kyl\u00e4ss\u00e4. Koska emme l\u00f6yt\u00e4neet tuon ajan markkinoilta tarpeeksi laadukkaita liukulaseja, p\u00e4\u00e4timme alkaa valmistaa tuotteita itse. Liukulaseja seurasivat jo pian ratkaisut sek\u00e4 kiinteisiin lasituksiin ett\u00e4 alumiinikaiteisiin, ja lis\u00e4\u00e4 seurasi per\u00e4ss\u00e4. Pitk\u00e4ik\u00e4isi\u00e4 tuotteita kertak\u00e4ytt\u00f6kulttuuria vastaan Lukkanin tekemist\u00e4 on alusta alkaen ajanut halu tehd\u00e4 asiat viel\u00e4 v\u00e4h\u00e4n paremmin, ja t\u00e4m\u00e4 n\u00e4kyy nykyisten tuotteittemme tinkim\u00e4tt\u00f6m\u00e4ss\u00e4 laadussa. Meille on t\u00e4rke\u00e4\u00e4, ett\u00e4 tuotteemme ovat pitk\u00e4ik\u00e4isi\u00e4. N\u00e4enn\u00e4isesti eri lasitukset voivat olla hyvin saman n\u00e4k\u00f6isi\u00e4, mutta erot piilev\u00e4t komponenttien laadussa ja suunnittelun yksityiskohdissa. Teemme jatkuvaa tuotekehityst\u00e4 ja lanseeraamme uusia entist\u00e4 parempia tuotteita. Teolliset perinteet omassa tuotannossa Lahdessa Poiketen l\u00e4hes kaikista muista toimialallamme, oma lasitehtaamme valmistaa tuotteissamme k\u00e4ytetyt lasit. Oma lasituotanto tuo toimintaamme nopeutta, ketteryytt\u00e4 ja kustannusetua. Omalla tuotannolla varmistamme my\u00f6s karkaistujen turvalasien laadun. Ty\u00f6ntekij\u00e4mme ovat ylpeit\u00e4 ammattitaidostaan ja monella heist\u00e4 on yli 30 vuoden ura takanaan lasitehtaallamme. Tuotteemme valmistetaan l\u00e4hes yksinomaan Suomessa alihankituista komponenteista ja materiaaleista. Tuotteitamme j\u00e4lleenmyyd\u00e4\u00e4n ja asennetaan Suomessa koko maan kattavalla alueella, mutta my\u00f6s Ruotsissa, Norjassa ja Saksassa.\",\"email\":\"asiakaspalvelu@lukkan.fi\",\"telephone\":\"0291 230 221\",\"legalName\":\"Aluroll Oy\",\"foundingDate\":\"1989-08-21\",\"vatID\":\"FI07622005\",\"numberOfEmployees\":{\"@type\":\"QuantitativeValue\",\"minValue\":\"51\",\"maxValue\":\"200\"}}]}<\/script>\n<!-- \/ Yoast SEO Premium plugin. -->","yoast_head_json":{"title":"Lukkan \u00c5terf\u00f6rs\u00e4ljare | Hitta den l\u00e4mpligaste \u00e5terf\u00f6rs\u00e4ljaren p\u00e5 kartan","description":"Lukkan \u00c5terf\u00f6rs\u00e4ljare | En m\u00e5ngfaldig grupp lokala \u00e5terf\u00f6rs\u00e4ljare \u00f6ver hela Finland arbetar med Lukkan. Hitta din r\u00e4tt \u00e5terf\u00f6rs\u00e4ljare.","robots":{"index":"index","follow":"follow","max-snippet":"max-snippet:-1","max-image-preview":"max-image-preview:large","max-video-preview":"max-video-preview:-1"},"canonical":"https:\/\/lukkan.fi\/sv\/aterforsaljare\/","og_locale":"sv_SE","og_type":"article","og_title":"\u00c5terf\u00f6rs\u00e4ljare","og_description":"Lukkan \u00c5terf\u00f6rs\u00e4ljare | En m\u00e5ngfaldig grupp lokala \u00e5terf\u00f6rs\u00e4ljare \u00f6ver hela Finland arbetar med Lukkan. Hitta din r\u00e4tt \u00e5terf\u00f6rs\u00e4ljare.","og_url":"https:\/\/lukkan.fi\/sv\/aterforsaljare\/","og_site_name":"Lukkan","article_publisher":"https:\/\/www.facebook.com\/Lukkanlasitusjarjestelmat","article_modified_time":"2021-08-25T08:31:09+00:00","og_image":[{"width":1170,"height":764,"url":"https:\/\/lukkan.fi\/wp-content\/uploads\/2022\/01\/Terassilasit-helsinki.webp","type":"image\/webp"}],"twitter_card":"summary_large_image","twitter_misc":{"Ber\u00e4knad l\u00e4stid":"1 minut"},"schema":{"@context":"https:\/\/schema.org","@graph":[{"@type":"WebPage","@id":"https:\/\/lukkan.fi\/sv\/aterforsaljare\/","url":"https:\/\/lukkan.fi\/sv\/aterforsaljare\/","name":"Lukkan \u00c5terf\u00f6rs\u00e4ljare | Hitta den l\u00e4mpligaste \u00e5terf\u00f6rs\u00e4ljaren p\u00e5 kartan","isPartOf":{"@id":"https:\/\/lukkan.fi\/#website"},"datePublished":"2021-08-24T10:10:22+00:00","dateModified":"2021-08-25T08:31:09+00:00","description":"Lukkan \u00c5terf\u00f6rs\u00e4ljare | En m\u00e5ngfaldig grupp lokala \u00e5terf\u00f6rs\u00e4ljare \u00f6ver hela Finland arbetar med Lukkan. Hitta din r\u00e4tt \u00e5terf\u00f6rs\u00e4ljare.","breadcrumb":{"@id":"https:\/\/lukkan.fi\/sv\/aterforsaljare\/#breadcrumb"},"inLanguage":"sv-SE","potentialAction":[{"@type":"ReadAction","target":["https:\/\/lukkan.fi\/sv\/aterforsaljare\/"]}]},{"@type":"BreadcrumbList","@id":"https:\/\/lukkan.fi\/sv\/aterforsaljare\/#breadcrumb","itemListElement":[{"@type":"ListItem","position":1,"name":"Etusivu","item":"https:\/\/lukkan.fi\/"},{"@type":"ListItem","position":2,"name":"\u00c5terf\u00f6rs\u00e4ljare"}]},{"@type":"WebSite","@id":"https:\/\/lukkan.fi\/#website","url":"https:\/\/lukkan.fi\/","name":"Lukkan | Sinun el\u00e4m\u00e4si tila","description":"Sinun el\u00e4m\u00e4si tila","publisher":{"@id":"https:\/\/lukkan.fi\/#organization"},"potentialAction":[{"@type":"SearchAction","target":{"@type":"EntryPoint","urlTemplate":"https:\/\/lukkan.fi\/?s={search_term_string}"},"query-input":{"@type":"PropertyValueSpecification","valueRequired":true,"valueName":"search_term_string"}}],"inLanguage":"sv-SE"},{"@type":"Organization","@id":"https:\/\/lukkan.fi\/#organization","name":"Lukkan","url":"https:\/\/lukkan.fi\/","logo":{"@type":"ImageObject","inLanguage":"sv-SE","@id":"https:\/\/lukkan.fi\/#\/schema\/logo\/image\/","url":"https:\/\/lukkan.fi\/wp-content\/uploads\/2021\/05\/lukkan-logo-fb.png","contentUrl":"https:\/\/lukkan.fi\/wp-content\/uploads\/2021\/05\/lukkan-logo-fb.png","width":225,"height":225,"caption":"Lukkan"},"image":{"@id":"https:\/\/lukkan.fi\/#\/schema\/logo\/image\/"},"sameAs":["https:\/\/www.facebook.com\/Lukkanlasitusjarjestelmat","https:\/\/www.instagram.com\/lukkan_lasitus\/"],"description":"Meid\u00e4n yrityksemme tarina alkaa vuodesta 1989, jolloin Lukkan-tuotteita valmistava Aluroll Oy perustettiin Sipoossa, Boxin kyl\u00e4ss\u00e4. Koska emme l\u00f6yt\u00e4neet tuon ajan markkinoilta tarpeeksi laadukkaita liukulaseja, p\u00e4\u00e4timme alkaa valmistaa tuotteita itse. Liukulaseja seurasivat jo pian ratkaisut sek\u00e4 kiinteisiin lasituksiin ett\u00e4 alumiinikaiteisiin, ja lis\u00e4\u00e4 seurasi per\u00e4ss\u00e4. Pitk\u00e4ik\u00e4isi\u00e4 tuotteita kertak\u00e4ytt\u00f6kulttuuria vastaan Lukkanin tekemist\u00e4 on alusta alkaen ajanut halu tehd\u00e4 asiat viel\u00e4 v\u00e4h\u00e4n paremmin, ja t\u00e4m\u00e4 n\u00e4kyy nykyisten tuotteittemme tinkim\u00e4tt\u00f6m\u00e4ss\u00e4 laadussa. Meille on t\u00e4rke\u00e4\u00e4, ett\u00e4 tuotteemme ovat pitk\u00e4ik\u00e4isi\u00e4. N\u00e4enn\u00e4isesti eri lasitukset voivat olla hyvin saman n\u00e4k\u00f6isi\u00e4, mutta erot piilev\u00e4t komponenttien laadussa ja suunnittelun yksityiskohdissa. Teemme jatkuvaa tuotekehityst\u00e4 ja lanseeraamme uusia entist\u00e4 parempia tuotteita. Teolliset perinteet omassa tuotannossa Lahdessa Poiketen l\u00e4hes kaikista muista toimialallamme, oma lasitehtaamme valmistaa tuotteissamme k\u00e4ytetyt lasit. Oma lasituotanto tuo toimintaamme nopeutta, ketteryytt\u00e4 ja kustannusetua. Omalla tuotannolla varmistamme my\u00f6s karkaistujen turvalasien laadun. Ty\u00f6ntekij\u00e4mme ovat ylpeit\u00e4 ammattitaidostaan ja monella heist\u00e4 on yli 30 vuoden ura takanaan lasitehtaallamme. Tuotteemme valmistetaan l\u00e4hes yksinomaan Suomessa alihankituista komponenteista ja materiaaleista. Tuotteitamme j\u00e4lleenmyyd\u00e4\u00e4n ja asennetaan Suomessa koko maan kattavalla alueella, mutta my\u00f6s Ruotsissa, Norjassa ja Saksassa.","email":"asiakaspalvelu@lukkan.fi","telephone":"0291 230 221","legalName":"Aluroll Oy","foundingDate":"1989-08-21","vatID":"FI07622005","numberOfEmployees":{"@type":"QuantitativeValue","minValue":"51","maxValue":"200"}}]}},"_links":{"self":[{"href":"https:\/\/lukkan.fi\/sv\/wp-json\/wp\/v2\/pages\/3104","targetHints":{"allow":["GET"]}}],"collection":[{"href":"https:\/\/lukkan.fi\/sv\/wp-json\/wp\/v2\/pages"}],"about":[{"href":"https:\/\/lukkan.fi\/sv\/wp-json\/wp\/v2\/types\/page"}],"author":[{"embeddable":true,"href":"https:\/\/lukkan.fi\/sv\/wp-json\/wp\/v2\/users\/12"}],"replies":[{"embeddable":true,"href":"https:\/\/lukkan.fi\/sv\/wp-json\/wp\/v2\/comments?post=3104"}],"version-history":[{"count":0,"href":"https:\/\/lukkan.fi\/sv\/wp-json\/wp\/v2\/pages\/3104\/revisions"}],"wp:attachment":[{"href":"https:\/\/lukkan.fi\/sv\/wp-json\/wp\/v2\/media?parent=3104"}],"curies":[{"name":"wp","href":"https:\/\/api.w.org\/{rel}","templated":true}]}}