{"id":7668,"date":"2025-08-07T23:27:12","date_gmt":"2025-08-07T20:27:12","guid":{"rendered":"https:\/\/lukkan.fi\/?page_id=7668"},"modified":"2025-08-07T23:44:21","modified_gmt":"2025-08-07T20:44:21","slug":"lukkan-terrassinglasning","status":"publish","type":"page","link":"https:\/\/lukkan.fi\/sv\/lukkan-terrassinglasning\/","title":{"rendered":"Terrassinglasning"},"content":{"rendered":"\n<h1>\n\t\t\tTerrassinglasning\t<\/h1>\n\t<h6>Med terrassglas kan du f\u00e5 mer utrymme och komfort i b\u00e5de ditt hem och ditt fritidshus. I Lukkans sortiment f\u00f6r hemmabruk hittar du snygga och h\u00f6gkvalitativa terrassglas och terrassglasl\u00f6sningar.<br \/>\n<\/h6>\n\t\t\t\t<img loading=\"lazy\" decoding=\"async\" src=\"https:\/\/lukkan.fi\/wp-content\/uploads\/2022\/11\/Lukkan_Osto_opas_nosto-1.jpg\" alt=\"Lukkan_Osto_opas_nosto-1\" itemprop=\"image\" height=\"522\" width=\"800\" title=\"Lukkan_Osto_opas_nosto-1\" onerror=\"this.style.display='none'\" loading=\"lazy\" \/>\n\t<h3><strong>Glasterrasser<\/strong><\/h3>\n\t<p>Lukkans glasterrass \u00e4r en elegant och f\u00e4rdig ensemble som kommer att kr\u00f6na ditt hem..<\/p>\n\t\t\t<a href=\"https:\/\/lukkan.fi\/sv\/terrassinglasning\/glasterrasser\/\" target=\"_self\">\n\t\t\t\t\t\t\tL\u00e4s mer\n\t\t\t\t\t<\/a>\n\t\t\t\t<img decoding=\"async\" src=\"https:\/\/lukkan.fi\/wp-content\/uploads\/2020\/10\/Lukkan_Terassilasitus_Patiolasit_fiidi.jpeg\" alt=\"Lukkan_Terassilasitus_Patiolasit_fiidi\" itemprop=\"image\" title=\"Lukkan_Terassilasitus_Patiolasit_fiidi\" onerror=\"this.style.display='none'\" loading=\"lazy\" \/>\n\t<h3><strong>Skjutpartier<\/strong><\/h3>\n\t<p>Vertikala skjutbara terrassglas ger ett utm\u00e4rkt skydd mot v\u00e4der och vind, smuts och buller.<\/p>\n\t\t\t<a href=\"https:\/\/lukkan.fi\/sv\/terrassinglasning\/skjutpartier\/\" target=\"_self\">\n\t\t\t\t\t\t\tLas mer\n\t\t\t\t\t<\/a>\n\t\t\t\t<img loading=\"lazy\" decoding=\"async\" src=\"https:\/\/lukkan.fi\/wp-content\/uploads\/2022\/01\/lasitettu-terassi-4-2.jpg\" alt=\"Lasiterassin hinta muodostuu ty\u00f6n, tuotteen ja lis\u00e4palveluiden yhteissummana\" itemprop=\"image\" height=\"1092\" width=\"1674\" title=\"Lasiterasin hinta 4\" onerror=\"this.style.display='none'\" loading=\"lazy\" \/>\n\t<h3><strong> L\u00e5ssystem <\/strong><\/h3>\n\t<p>Njut av din terrass med tillf\u00f6rsikt.<\/p>\n\t\t\t<a href=\"https:\/\/lukkan.fi\/sv\/terrassinglasning\/lassystem\/\" target=\"_self\">\n\t\t\t\t\t\t\tL\u00e4s mer\n\t\t\t\t\t<\/a>\n\t\t\t\t<img loading=\"lazy\" decoding=\"async\" src=\"https:\/\/lukkan.fi\/wp-content\/uploads\/2020\/10\/lukitusjarjestelmat-1.webp\" alt=\"Lukkan lasitusten lukitusj\u00e4rjestelm\u00e4t\" itemprop=\"image\" height=\"1080\" width=\"1920\" title=\"lukitusjarjestelmat (1)\" onerror=\"this.style.display='none'\" loading=\"lazy\" \/>\n\t<h3><strong>Raml\u00f6sa vikbara terrassglas<br \/>\n<\/strong><\/h3>\n\t<p>Raml\u00f6sa vikbara terrassglas \u00e4r r\u00e4tt val om du vill ge terrassen en k\u00e4nsla av utrymme och ost\u00f6rd utsikt.<\/p>\n\t\t\t<a href=\"https:\/\/lukkan.fi\/sv\/terrassinglasning\/ramlosa-vikbara-terrassglas\/\" target=\"_self\">\n\t\t\t\t\t\t\tL\u00e4s mer\n\t\t\t\t\t<\/a>\n<h2>Varf\u00f6r v\u00e4lja Lukkan terrassinglasning?<\/h2>\n\t<h6>F\u00f6rstklassiga produkter med \u00f6ver 30 \u00e5rs erfarenhet<\/h6>\nF\u00f6retaget drivs av en \u00f6nskan att g\u00f6ra saker \u00e4nnu b\u00e4ttre, och detta \u00e5terspeglas i den kompromissl\u00f6sa kvaliteten p\u00e5 v\u00e5ra produkter. Lukkan terrassinglasning \u00e4r<br \/>\ndesignad och tillverkad i Finland och \u00e4r en praktisk, h\u00e5llbar och s\u00e4ker l\u00f6sning.\n<h6>Skr\u00e4ddarsys efter dina behov<\/h6>\n<p>Vi tillverkar kostnadseffektivt \u00e4ven skr\u00e4ddarsydda terrasser efter dina m\u00e5tt, som m\u00e5nga andra inte kan eller vill g\u00f6ra. Produktionsprocessen i v\u00e5r fabrik \u00e4r mycket flexibel och v\u00e5ra \u00e5terf\u00f6rs\u00e4ljare installerar \u00e4ven komplexa l\u00f6sningar med p\u00e5litlig och kompromissl\u00f6s yrkeskompetens.<\/p>\n<h6>Finl\u00e4ndskt kunnande fr\u00e5n b\u00f6rjan till slut<\/h6>\n<p>Lukkans komponenter och material k\u00f6ps n\u00e4stan uteslutande fr\u00e5n finl\u00e4ndska underleverant\u00f6rer och v\u00e5ra produktionsanl\u00e4ggningar ligger i Mukkula, Lahtis.<\/p>\n<h2>Avtala om ett kostnadsfritt hembes\u00f6k<\/h2>\n\t<p>Planeringen av en av Lukkan inglasning b\u00f6rjar med ett offertbes\u00f6k. \u00c5terf\u00f6rs\u00e4ljaren du valt planerar inglasningen efter dina behov, g\u00f6r de n\u00f6dv\u00e4ndiga m\u00e4tningarna och tar fram en offert p\u00e5 inglasningen.<\/p>\n\t\t\t<a href=\"https:\/\/lukkan.fi\/jalleenmyyjat\/\" target=\"_self\">\n\t\t\t\t\t\t\tAvtala om ett kostnadsfritt hembes\u00f6k\n\t\t\t\t\t<\/a>\n\n","protected":false},"excerpt":{"rendered":"<p>Terrassinglasning Med terrassglas kan du f\u00e5 mer utrymme och komfort i b\u00e5de ditt hem och ditt fritidshus. I Lukkans sortiment f\u00f6r hemmabruk hittar du snygga och h\u00f6gkvalitativa terrassglas och terrassglasl\u00f6sningar. Glasterrasser Lukkans glasterrass \u00e4r en elegant och f\u00e4rdig ensemble som kommer att kr\u00f6na ditt hem.. L\u00e4s mer Skjutpartier Vertikala skjutbara terrassglas ger ett utm\u00e4rkt skydd [&hellip;]<\/p>\n","protected":false},"author":16,"featured_media":0,"parent":0,"menu_order":0,"comment_status":"closed","ping_status":"closed","template":"page-beaver.php","meta":{"_acf_changed":false,"footnotes":""},"class_list":["post-7668","page","type-page","status-publish","hentry"],"acf":[],"yoast_head":"<!-- This site is optimized with the Yoast SEO Premium plugin v25.8 (Yoast SEO v27.5) - https:\/\/yoast.com\/product\/yoast-seo-premium-wordpress\/ -->\n<title>Terrassinglasning | Lukkan<\/title>\n<meta name=\"robots\" content=\"index, follow, max-snippet:-1, max-image-preview:large, max-video-preview:-1\" \/>\n<link rel=\"canonical\" href=\"https:\/\/lukkan.fi\/sv\/lukkan-terrassinglasning\/\" \/>\n<meta property=\"og:locale\" content=\"sv_SE\" \/>\n<meta property=\"og:type\" content=\"article\" \/>\n<meta property=\"og:title\" content=\"Terrassinglasning\" \/>\n<meta property=\"og:description\" content=\"Terrassinglasning Med terrassglas kan du f\u00e5 mer utrymme och komfort i b\u00e5de ditt hem och ditt fritidshus. I Lukkans sortiment f\u00f6r hemmabruk hittar du snygga och h\u00f6gkvalitativa terrassglas och terrassglasl\u00f6sningar. Glasterrasser Lukkans glasterrass \u00e4r en elegant och f\u00e4rdig ensemble som kommer att kr\u00f6na ditt hem.. L\u00e4s mer Skjutpartier Vertikala skjutbara terrassglas ger ett utm\u00e4rkt skydd [&hellip;]\" \/>\n<meta property=\"og:url\" content=\"https:\/\/lukkan.fi\/sv\/lukkan-terrassinglasning\/\" \/>\n<meta property=\"og:site_name\" content=\"Lukkan\" \/>\n<meta property=\"article:publisher\" content=\"https:\/\/www.facebook.com\/Lukkanlasitusjarjestelmat\" \/>\n<meta property=\"article:modified_time\" content=\"2025-08-07T20:44:21+00:00\" \/>\n<meta property=\"og:image\" content=\"https:\/\/lukkan.fi\/wp-content\/uploads\/2022\/11\/Lukkan_Osto_opas_nosto-1.jpg\" \/>\n<meta name=\"twitter:card\" content=\"summary_large_image\" \/>\n<script type=\"application\/ld+json\" class=\"yoast-schema-graph\">{\"@context\":\"https:\\\/\\\/schema.org\",\"@graph\":[{\"@type\":\"WebPage\",\"@id\":\"https:\\\/\\\/lukkan.fi\\\/sv\\\/lukkan-terrassinglasning\\\/\",\"url\":\"https:\\\/\\\/lukkan.fi\\\/sv\\\/lukkan-terrassinglasning\\\/\",\"name\":\"Terrassinglasning | Lukkan\",\"isPartOf\":{\"@id\":\"https:\\\/\\\/lukkan.fi\\\/#website\"},\"primaryImageOfPage\":{\"@id\":\"https:\\\/\\\/lukkan.fi\\\/sv\\\/lukkan-terrassinglasning\\\/#primaryimage\"},\"image\":{\"@id\":\"https:\\\/\\\/lukkan.fi\\\/sv\\\/lukkan-terrassinglasning\\\/#primaryimage\"},\"thumbnailUrl\":\"https:\\\/\\\/lukkan.fi\\\/wp-content\\\/uploads\\\/2022\\\/11\\\/Lukkan_Osto_opas_nosto-1.jpg\",\"datePublished\":\"2025-08-07T20:27:12+00:00\",\"dateModified\":\"2025-08-07T20:44:21+00:00\",\"breadcrumb\":{\"@id\":\"https:\\\/\\\/lukkan.fi\\\/sv\\\/lukkan-terrassinglasning\\\/#breadcrumb\"},\"inLanguage\":\"sv-SE\",\"potentialAction\":[{\"@type\":\"ReadAction\",\"target\":[\"https:\\\/\\\/lukkan.fi\\\/sv\\\/lukkan-terrassinglasning\\\/\"]}]},{\"@type\":\"ImageObject\",\"inLanguage\":\"sv-SE\",\"@id\":\"https:\\\/\\\/lukkan.fi\\\/sv\\\/lukkan-terrassinglasning\\\/#primaryimage\",\"url\":\"https:\\\/\\\/lukkan.fi\\\/wp-content\\\/uploads\\\/2022\\\/11\\\/Lukkan_Osto_opas_nosto-1.jpg\",\"contentUrl\":\"https:\\\/\\\/lukkan.fi\\\/wp-content\\\/uploads\\\/2022\\\/11\\\/Lukkan_Osto_opas_nosto-1.jpg\"},{\"@type\":\"BreadcrumbList\",\"@id\":\"https:\\\/\\\/lukkan.fi\\\/sv\\\/lukkan-terrassinglasning\\\/#breadcrumb\",\"itemListElement\":[{\"@type\":\"ListItem\",\"position\":1,\"name\":\"Etusivu\",\"item\":\"https:\\\/\\\/lukkan.fi\\\/\"},{\"@type\":\"ListItem\",\"position\":2,\"name\":\"Terrassinglasning\"}]},{\"@type\":\"WebSite\",\"@id\":\"https:\\\/\\\/lukkan.fi\\\/#website\",\"url\":\"https:\\\/\\\/lukkan.fi\\\/\",\"name\":\"Lukkan | Sinun el\u00e4m\u00e4si tila\",\"description\":\"Sinun el\u00e4m\u00e4si tila\",\"publisher\":{\"@id\":\"https:\\\/\\\/lukkan.fi\\\/#organization\"},\"potentialAction\":[{\"@type\":\"SearchAction\",\"target\":{\"@type\":\"EntryPoint\",\"urlTemplate\":\"https:\\\/\\\/lukkan.fi\\\/?s={search_term_string}\"},\"query-input\":{\"@type\":\"PropertyValueSpecification\",\"valueRequired\":true,\"valueName\":\"search_term_string\"}}],\"inLanguage\":\"sv-SE\"},{\"@type\":\"Organization\",\"@id\":\"https:\\\/\\\/lukkan.fi\\\/#organization\",\"name\":\"Lukkan\",\"url\":\"https:\\\/\\\/lukkan.fi\\\/\",\"logo\":{\"@type\":\"ImageObject\",\"inLanguage\":\"sv-SE\",\"@id\":\"https:\\\/\\\/lukkan.fi\\\/#\\\/schema\\\/logo\\\/image\\\/\",\"url\":\"https:\\\/\\\/lukkan.fi\\\/wp-content\\\/uploads\\\/2021\\\/05\\\/lukkan-logo-fb.png\",\"contentUrl\":\"https:\\\/\\\/lukkan.fi\\\/wp-content\\\/uploads\\\/2021\\\/05\\\/lukkan-logo-fb.png\",\"width\":225,\"height\":225,\"caption\":\"Lukkan\"},\"image\":{\"@id\":\"https:\\\/\\\/lukkan.fi\\\/#\\\/schema\\\/logo\\\/image\\\/\"},\"sameAs\":[\"https:\\\/\\\/www.facebook.com\\\/Lukkanlasitusjarjestelmat\",\"https:\\\/\\\/www.instagram.com\\\/lukkan_lasitus\\\/\"],\"description\":\"Meid\u00e4n yrityksemme tarina alkaa vuodesta 1989, jolloin Lukkan-tuotteita valmistava Aluroll Oy perustettiin Sipoossa, Boxin kyl\u00e4ss\u00e4. Koska emme l\u00f6yt\u00e4neet tuon ajan markkinoilta tarpeeksi laadukkaita liukulaseja, p\u00e4\u00e4timme alkaa valmistaa tuotteita itse. Liukulaseja seurasivat jo pian ratkaisut sek\u00e4 kiinteisiin lasituksiin ett\u00e4 alumiinikaiteisiin, ja lis\u00e4\u00e4 seurasi per\u00e4ss\u00e4. Pitk\u00e4ik\u00e4isi\u00e4 tuotteita kertak\u00e4ytt\u00f6kulttuuria vastaan Lukkanin tekemist\u00e4 on alusta alkaen ajanut halu tehd\u00e4 asiat viel\u00e4 v\u00e4h\u00e4n paremmin, ja t\u00e4m\u00e4 n\u00e4kyy nykyisten tuotteittemme tinkim\u00e4tt\u00f6m\u00e4ss\u00e4 laadussa. Meille on t\u00e4rke\u00e4\u00e4, ett\u00e4 tuotteemme ovat pitk\u00e4ik\u00e4isi\u00e4. N\u00e4enn\u00e4isesti eri lasitukset voivat olla hyvin saman n\u00e4k\u00f6isi\u00e4, mutta erot piilev\u00e4t komponenttien laadussa ja suunnittelun yksityiskohdissa. Teemme jatkuvaa tuotekehityst\u00e4 ja lanseeraamme uusia entist\u00e4 parempia tuotteita. Teolliset perinteet omassa tuotannossa Lahdessa Poiketen l\u00e4hes kaikista muista toimialallamme, oma lasitehtaamme valmistaa tuotteissamme k\u00e4ytetyt lasit. Oma lasituotanto tuo toimintaamme nopeutta, ketteryytt\u00e4 ja kustannusetua. Omalla tuotannolla varmistamme my\u00f6s karkaistujen turvalasien laadun. Ty\u00f6ntekij\u00e4mme ovat ylpeit\u00e4 ammattitaidostaan ja monella heist\u00e4 on yli 30 vuoden ura takanaan lasitehtaallamme. Tuotteemme valmistetaan l\u00e4hes yksinomaan Suomessa alihankituista komponenteista ja materiaaleista. Tuotteitamme j\u00e4lleenmyyd\u00e4\u00e4n ja asennetaan Suomessa koko maan kattavalla alueella, mutta my\u00f6s Ruotsissa, Norjassa ja Saksassa.\",\"email\":\"asiakaspalvelu@lukkan.fi\",\"telephone\":\"0291 230 221\",\"legalName\":\"Aluroll Oy\",\"foundingDate\":\"1989-08-21\",\"vatID\":\"FI07622005\",\"numberOfEmployees\":{\"@type\":\"QuantitativeValue\",\"minValue\":\"51\",\"maxValue\":\"200\"}}]}<\/script>\n<!-- \/ Yoast SEO Premium plugin. -->","yoast_head_json":{"title":"Terrassinglasning | Lukkan","robots":{"index":"index","follow":"follow","max-snippet":"max-snippet:-1","max-image-preview":"max-image-preview:large","max-video-preview":"max-video-preview:-1"},"canonical":"https:\/\/lukkan.fi\/sv\/lukkan-terrassinglasning\/","og_locale":"sv_SE","og_type":"article","og_title":"Terrassinglasning","og_description":"Terrassinglasning Med terrassglas kan du f\u00e5 mer utrymme och komfort i b\u00e5de ditt hem och ditt fritidshus. I Lukkans sortiment f\u00f6r hemmabruk hittar du snygga och h\u00f6gkvalitativa terrassglas och terrassglasl\u00f6sningar. Glasterrasser Lukkans glasterrass \u00e4r en elegant och f\u00e4rdig ensemble som kommer att kr\u00f6na ditt hem.. L\u00e4s mer Skjutpartier Vertikala skjutbara terrassglas ger ett utm\u00e4rkt skydd [&hellip;]","og_url":"https:\/\/lukkan.fi\/sv\/lukkan-terrassinglasning\/","og_site_name":"Lukkan","article_publisher":"https:\/\/www.facebook.com\/Lukkanlasitusjarjestelmat","article_modified_time":"2025-08-07T20:44:21+00:00","og_image":[{"url":"https:\/\/lukkan.fi\/wp-content\/uploads\/2022\/11\/Lukkan_Osto_opas_nosto-1.jpg","type":"","width":"","height":""}],"twitter_card":"summary_large_image","schema":{"@context":"https:\/\/schema.org","@graph":[{"@type":"WebPage","@id":"https:\/\/lukkan.fi\/sv\/lukkan-terrassinglasning\/","url":"https:\/\/lukkan.fi\/sv\/lukkan-terrassinglasning\/","name":"Terrassinglasning | Lukkan","isPartOf":{"@id":"https:\/\/lukkan.fi\/#website"},"primaryImageOfPage":{"@id":"https:\/\/lukkan.fi\/sv\/lukkan-terrassinglasning\/#primaryimage"},"image":{"@id":"https:\/\/lukkan.fi\/sv\/lukkan-terrassinglasning\/#primaryimage"},"thumbnailUrl":"https:\/\/lukkan.fi\/wp-content\/uploads\/2022\/11\/Lukkan_Osto_opas_nosto-1.jpg","datePublished":"2025-08-07T20:27:12+00:00","dateModified":"2025-08-07T20:44:21+00:00","breadcrumb":{"@id":"https:\/\/lukkan.fi\/sv\/lukkan-terrassinglasning\/#breadcrumb"},"inLanguage":"sv-SE","potentialAction":[{"@type":"ReadAction","target":["https:\/\/lukkan.fi\/sv\/lukkan-terrassinglasning\/"]}]},{"@type":"ImageObject","inLanguage":"sv-SE","@id":"https:\/\/lukkan.fi\/sv\/lukkan-terrassinglasning\/#primaryimage","url":"https:\/\/lukkan.fi\/wp-content\/uploads\/2022\/11\/Lukkan_Osto_opas_nosto-1.jpg","contentUrl":"https:\/\/lukkan.fi\/wp-content\/uploads\/2022\/11\/Lukkan_Osto_opas_nosto-1.jpg"},{"@type":"BreadcrumbList","@id":"https:\/\/lukkan.fi\/sv\/lukkan-terrassinglasning\/#breadcrumb","itemListElement":[{"@type":"ListItem","position":1,"name":"Etusivu","item":"https:\/\/lukkan.fi\/"},{"@type":"ListItem","position":2,"name":"Terrassinglasning"}]},{"@type":"WebSite","@id":"https:\/\/lukkan.fi\/#website","url":"https:\/\/lukkan.fi\/","name":"Lukkan | Sinun el\u00e4m\u00e4si tila","description":"Sinun el\u00e4m\u00e4si tila","publisher":{"@id":"https:\/\/lukkan.fi\/#organization"},"potentialAction":[{"@type":"SearchAction","target":{"@type":"EntryPoint","urlTemplate":"https:\/\/lukkan.fi\/?s={search_term_string}"},"query-input":{"@type":"PropertyValueSpecification","valueRequired":true,"valueName":"search_term_string"}}],"inLanguage":"sv-SE"},{"@type":"Organization","@id":"https:\/\/lukkan.fi\/#organization","name":"Lukkan","url":"https:\/\/lukkan.fi\/","logo":{"@type":"ImageObject","inLanguage":"sv-SE","@id":"https:\/\/lukkan.fi\/#\/schema\/logo\/image\/","url":"https:\/\/lukkan.fi\/wp-content\/uploads\/2021\/05\/lukkan-logo-fb.png","contentUrl":"https:\/\/lukkan.fi\/wp-content\/uploads\/2021\/05\/lukkan-logo-fb.png","width":225,"height":225,"caption":"Lukkan"},"image":{"@id":"https:\/\/lukkan.fi\/#\/schema\/logo\/image\/"},"sameAs":["https:\/\/www.facebook.com\/Lukkanlasitusjarjestelmat","https:\/\/www.instagram.com\/lukkan_lasitus\/"],"description":"Meid\u00e4n yrityksemme tarina alkaa vuodesta 1989, jolloin Lukkan-tuotteita valmistava Aluroll Oy perustettiin Sipoossa, Boxin kyl\u00e4ss\u00e4. Koska emme l\u00f6yt\u00e4neet tuon ajan markkinoilta tarpeeksi laadukkaita liukulaseja, p\u00e4\u00e4timme alkaa valmistaa tuotteita itse. Liukulaseja seurasivat jo pian ratkaisut sek\u00e4 kiinteisiin lasituksiin ett\u00e4 alumiinikaiteisiin, ja lis\u00e4\u00e4 seurasi per\u00e4ss\u00e4. Pitk\u00e4ik\u00e4isi\u00e4 tuotteita kertak\u00e4ytt\u00f6kulttuuria vastaan Lukkanin tekemist\u00e4 on alusta alkaen ajanut halu tehd\u00e4 asiat viel\u00e4 v\u00e4h\u00e4n paremmin, ja t\u00e4m\u00e4 n\u00e4kyy nykyisten tuotteittemme tinkim\u00e4tt\u00f6m\u00e4ss\u00e4 laadussa. Meille on t\u00e4rke\u00e4\u00e4, ett\u00e4 tuotteemme ovat pitk\u00e4ik\u00e4isi\u00e4. N\u00e4enn\u00e4isesti eri lasitukset voivat olla hyvin saman n\u00e4k\u00f6isi\u00e4, mutta erot piilev\u00e4t komponenttien laadussa ja suunnittelun yksityiskohdissa. Teemme jatkuvaa tuotekehityst\u00e4 ja lanseeraamme uusia entist\u00e4 parempia tuotteita. Teolliset perinteet omassa tuotannossa Lahdessa Poiketen l\u00e4hes kaikista muista toimialallamme, oma lasitehtaamme valmistaa tuotteissamme k\u00e4ytetyt lasit. Oma lasituotanto tuo toimintaamme nopeutta, ketteryytt\u00e4 ja kustannusetua. Omalla tuotannolla varmistamme my\u00f6s karkaistujen turvalasien laadun. Ty\u00f6ntekij\u00e4mme ovat ylpeit\u00e4 ammattitaidostaan ja monella heist\u00e4 on yli 30 vuoden ura takanaan lasitehtaallamme. Tuotteemme valmistetaan l\u00e4hes yksinomaan Suomessa alihankituista komponenteista ja materiaaleista. Tuotteitamme j\u00e4lleenmyyd\u00e4\u00e4n ja asennetaan Suomessa koko maan kattavalla alueella, mutta my\u00f6s Ruotsissa, Norjassa ja Saksassa.","email":"asiakaspalvelu@lukkan.fi","telephone":"0291 230 221","legalName":"Aluroll Oy","foundingDate":"1989-08-21","vatID":"FI07622005","numberOfEmployees":{"@type":"QuantitativeValue","minValue":"51","maxValue":"200"}}]}},"_links":{"self":[{"href":"https:\/\/lukkan.fi\/sv\/wp-json\/wp\/v2\/pages\/7668","targetHints":{"allow":["GET"]}}],"collection":[{"href":"https:\/\/lukkan.fi\/sv\/wp-json\/wp\/v2\/pages"}],"about":[{"href":"https:\/\/lukkan.fi\/sv\/wp-json\/wp\/v2\/types\/page"}],"author":[{"embeddable":true,"href":"https:\/\/lukkan.fi\/sv\/wp-json\/wp\/v2\/users\/16"}],"replies":[{"embeddable":true,"href":"https:\/\/lukkan.fi\/sv\/wp-json\/wp\/v2\/comments?post=7668"}],"version-history":[{"count":2,"href":"https:\/\/lukkan.fi\/sv\/wp-json\/wp\/v2\/pages\/7668\/revisions"}],"predecessor-version":[{"id":7671,"href":"https:\/\/lukkan.fi\/sv\/wp-json\/wp\/v2\/pages\/7668\/revisions\/7671"}],"wp:attachment":[{"href":"https:\/\/lukkan.fi\/sv\/wp-json\/wp\/v2\/media?parent=7668"}],"curies":[{"name":"wp","href":"https:\/\/api.w.org\/{rel}","templated":true}]}}