{"id":7716,"date":"2025-08-08T16:25:15","date_gmt":"2025-08-08T13:25:15","guid":{"rendered":"https:\/\/lukkan.fi\/?page_id=7716"},"modified":"2025-08-08T16:25:31","modified_gmt":"2025-08-08T13:25:31","slug":"nika-balkongglas","status":"publish","type":"page","link":"https:\/\/lukkan.fi\/sv\/nika-balkongglas\/","title":{"rendered":"Nika balkongglas"},"content":{"rendered":"\r\n<h1>Nika-balkonginglasning<\/h1>\r\n<h6>Nika-balkonginglasningar skyddar dig och din balkong mot det omv\u00e4xlande nordiska v\u00e4dret. Du kan anv\u00e4nda balkongen som en trivsam uteplats eller till och med som f\u00f6rvaringsutrymme.<\/h6>\r\n<h2>Nika-balkonginglasningssystem<\/h2>\r\n<h4>Nika-inglasningar och v\u00e5ra terrassglasprodukter kompletterar Lukkans sortiment.<\/h4>\r\n<p>Vi s\u00e4ljer, f\u00f6rutom Lukkan-produkterna, \u00e4ven Nika fr\u00e5n Aluroll-koncernen. Nikas balkonginglasningar och sv\u00e4ngbara terrassglas \u00e4r fullt kompatibla med Lukkans system, s\u00e5som Lukkan-taken.<\/p>\r\n<h4>Inglnasning ger dig mer utrymme att leva h\u00e4r och nu<\/h4>\r\n<p>Balkonginglasning tillf\u00f6r komfortabelt extrautrymme och f\u00f6rl\u00e4nger sommars\u00e4songen, s\u00e4rskilt under v\u00e5r och h\u00f6st. En inglasning skyddar mot vind, regn och sn\u00f6 under vintern &#8211; s\u00e5 din balkong kan bli en mysig plats \u00e4ven under m\u00f6rka \u00e5rstiden. V\u00e4cka din balkong till en ny era &#8211; v\u00e4lj en inhemsk balkonginglasning. V\u00e5ra experter hj\u00e4lper dig g\u00e4rna med val och tips. Produktionen anv\u00e4nder s\u00e4kerhetsglas (h\u00e4rdat glas). Det finska, vertikala, raml\u00f6sa skjutgassystemet \u00e4r robust och h\u00e5llbart. Det h\u00f6gkvalitativa, finska inglasningssystemet \u00e4r ett tillf\u00f6rlitligt val f\u00f6r b\u00e5de fasader och ny- eller ombyggnadsprojekt. Alla balkonginglasningar \u00e4r CE-m\u00e4rkta och tillverkade i Finland. De \u00e4r testade av VTT och \u00e4r s\u00e4kra att anv\u00e4nda. Inglasningarna planeras individuellt och anpassas efter lokala f\u00f6rh\u00e5llanden och byggnadskonstruktioner. Valet av glas styrs av vind- och v\u00e4derf\u00f6rh\u00e5llanden samt lokala byggf\u00f6reskrifter.<\/p>\r\n<h2>Varf\u00f6r v\u00e4lja Nika-balkonginglasning?<\/h2>\r\n<h6><strong data-start=\"1623\" data-end=\"1652\">Produkter av h\u00f6g kvalitet<\/strong><\/h6>\r\n<p>Nika-inglasningar \u00e4r s\u00e4kra, h\u00e5llbara och snygga. De \u00e4r CE-m\u00e4rkta, tillverkade i Finland och har tilldelats Nyckelflaggan-m\u00e4rket.<\/p>\r\n<h6><strong data-start=\"1789\" data-end=\"1809\">Milj\u00f6v\u00e4nligt val<\/strong><\/h6>\r\n<p>Allt produktionsspill \u00e5tervinns till 100 %, och vi anv\u00e4nder s\u00e5 l\u00e5ngt som m\u00f6jligt \u00e5tervunnet r\u00e5material. En balkonginglasning minskar bostadens energif\u00f6rbrukning med cirka 6 %.<\/p>\r\n<h6><strong data-start=\"1993\" data-end=\"2020\">Vi prioriterar s\u00e4kerhet<\/strong><\/h6>\r\n<p>Till skillnad fr\u00e5n m\u00e5nga andra tillverkare producerar v\u00e5r egen glasfabrik glasen som anv\u00e4nds i produkterna. S\u00e5 s\u00e4krar vi glasets kvalitet. Produkterna \u00e4r testade av VTT och uppfyller myndigheternas prestandakrav.<\/p>\r\n<h6><strong data-start=\"2241\" data-end=\"2261\">L\u00e4tt att anv\u00e4nda<\/strong><\/h6>\r\n<p>Glasen glider l\u00e4tt p\u00e5 skenor. Nika-systemet har ett enhands\u00f6ppningsmekanism som \u00e4r smidigt och l\u00e4ttanv\u00e4nt. Du f\u00e5r <strong data-start=\"2381\" data-end=\"2400\">fem \u00e5rs garanti<\/strong> p\u00e5 Nika-balkonginglasningen. <img fetchpriority=\"high\" decoding=\"async\" title=\"8B1A6450_NIKA_www_kuluttaja3-landscape-85e153b02e509e2d0f84ad52739e9871-fa31mcnpdzg8\" src=\"https:\/\/lukkan.fi\/wp-content\/uploads\/2025\/03\/8B1A6450_NIKA_www_kuluttaja3-landscape-85e153b02e509e2d0f84ad52739e9871-fa31mcnpdzg8.jpg\" alt=\"nika parvekelasit\" width=\"880\" height=\"616\" \/><\/p>\r\n<h2>S\u00e5 h\u00e4r k\u00f6per du en balkonginglasning<\/h2>\r\n<p>\u00c4r det aktuellt att skaffa balkonginglasning? Tveka inte att kontakta oss &#8211; vi hj\u00e4lper dig g\u00e4rna med k\u00f6pet av Nika-balkongglas! <a href=\"https:\/\/lukkan.fi\/sv\/kontaktinformation\/\" target=\"_self\"> Kontakta oss <\/a> <img decoding=\"async\" title=\"nika-vastuullinen-kumppani-parvekelasituksiin\" src=\"https:\/\/lukkan.fi\/wp-content\/uploads\/2025\/03\/nika-vastuullinen-kumppani-parvekelasituksiin.jpg\" alt=\"nika-vastuullinen-kumppani-parvekelasituksiin\" width=\"2048\" height=\"1366\" \/><\/p>\r\n<h2>Bekanta dig med de Nika-balkongglasningar vi har utf\u00f6rt Do you like this personality? Ask ChatGPT<\/h2>\r\n","protected":false},"excerpt":{"rendered":"<p>Nika-balkonginglasning Nika-balkonginglasningar skyddar dig och din balkong mot det omv\u00e4xlande nordiska v\u00e4dret. Du kan anv\u00e4nda balkongen som en trivsam uteplats eller till och med som f\u00f6rvaringsutrymme. Nika-balkonginglasningssystem Nika-inglasningar och v\u00e5ra terrassglasprodukter kompletterar Lukkans sortiment. Vi s\u00e4ljer, f\u00f6rutom Lukkan-produkterna, \u00e4ven Nika fr\u00e5n Aluroll-koncernen. Nikas balkonginglasningar och sv\u00e4ngbara terrassglas \u00e4r fullt kompatibla med Lukkans system, s\u00e5som Lukkan-taken. [&hellip;]<\/p>\n","protected":false},"author":16,"featured_media":0,"parent":0,"menu_order":0,"comment_status":"closed","ping_status":"closed","template":"page-beaver.php","meta":{"_acf_changed":false,"footnotes":""},"class_list":["post-7716","page","type-page","status-publish","hentry"],"acf":[],"yoast_head":"<!-- This site is optimized with the Yoast SEO Premium plugin v25.8 (Yoast SEO v27.4) - https:\/\/yoast.com\/product\/yoast-seo-premium-wordpress\/ -->\n<title>Nika balkongglas | Lukkan<\/title>\n<meta name=\"robots\" content=\"index, follow, max-snippet:-1, max-image-preview:large, max-video-preview:-1\" \/>\n<link rel=\"canonical\" href=\"https:\/\/lukkan.fi\/sv\/nika-balkongglas\/\" \/>\n<meta property=\"og:locale\" content=\"sv_SE\" \/>\n<meta property=\"og:type\" content=\"article\" \/>\n<meta property=\"og:title\" content=\"Nika balkongglas\" \/>\n<meta property=\"og:description\" content=\"Nika-balkonginglasning Nika-balkonginglasningar skyddar dig och din balkong mot det omv\u00e4xlande nordiska v\u00e4dret. Du kan anv\u00e4nda balkongen som en trivsam uteplats eller till och med som f\u00f6rvaringsutrymme. Nika-balkonginglasningssystem Nika-inglasningar och v\u00e5ra terrassglasprodukter kompletterar Lukkans sortiment. Vi s\u00e4ljer, f\u00f6rutom Lukkan-produkterna, \u00e4ven Nika fr\u00e5n Aluroll-koncernen. Nikas balkonginglasningar och sv\u00e4ngbara terrassglas \u00e4r fullt kompatibla med Lukkans system, s\u00e5som Lukkan-taken. [&hellip;]\" \/>\n<meta property=\"og:url\" content=\"https:\/\/lukkan.fi\/sv\/nika-balkongglas\/\" \/>\n<meta property=\"og:site_name\" content=\"Lukkan\" \/>\n<meta property=\"article:publisher\" content=\"https:\/\/www.facebook.com\/Lukkanlasitusjarjestelmat\" \/>\n<meta property=\"article:modified_time\" content=\"2025-08-08T13:25:31+00:00\" \/>\n<meta property=\"og:image\" content=\"https:\/\/lukkan.fi\/wp-content\/uploads\/2025\/03\/8B1A6450_NIKA_www_kuluttaja3-landscape-85e153b02e509e2d0f84ad52739e9871-fa31mcnpdzg8.jpg\" \/>\n<meta name=\"twitter:card\" content=\"summary_large_image\" \/>\n<meta name=\"twitter:label1\" content=\"Ber\u00e4knad l\u00e4stid\" \/>\n\t<meta name=\"twitter:data1\" content=\"4 minuter\" \/>\n<script type=\"application\/ld+json\" class=\"yoast-schema-graph\">{\"@context\":\"https:\\\/\\\/schema.org\",\"@graph\":[{\"@type\":\"WebPage\",\"@id\":\"https:\\\/\\\/lukkan.fi\\\/sv\\\/nika-balkongglas\\\/\",\"url\":\"https:\\\/\\\/lukkan.fi\\\/sv\\\/nika-balkongglas\\\/\",\"name\":\"Nika balkongglas | Lukkan\",\"isPartOf\":{\"@id\":\"https:\\\/\\\/lukkan.fi\\\/#website\"},\"primaryImageOfPage\":{\"@id\":\"https:\\\/\\\/lukkan.fi\\\/sv\\\/nika-balkongglas\\\/#primaryimage\"},\"image\":{\"@id\":\"https:\\\/\\\/lukkan.fi\\\/sv\\\/nika-balkongglas\\\/#primaryimage\"},\"thumbnailUrl\":\"https:\\\/\\\/lukkan.fi\\\/wp-content\\\/uploads\\\/2025\\\/03\\\/8B1A6450_NIKA_www_kuluttaja3-landscape-85e153b02e509e2d0f84ad52739e9871-fa31mcnpdzg8.jpg\",\"datePublished\":\"2025-08-08T13:25:15+00:00\",\"dateModified\":\"2025-08-08T13:25:31+00:00\",\"breadcrumb\":{\"@id\":\"https:\\\/\\\/lukkan.fi\\\/sv\\\/nika-balkongglas\\\/#breadcrumb\"},\"inLanguage\":\"sv-SE\",\"potentialAction\":[{\"@type\":\"ReadAction\",\"target\":[\"https:\\\/\\\/lukkan.fi\\\/sv\\\/nika-balkongglas\\\/\"]}]},{\"@type\":\"ImageObject\",\"inLanguage\":\"sv-SE\",\"@id\":\"https:\\\/\\\/lukkan.fi\\\/sv\\\/nika-balkongglas\\\/#primaryimage\",\"url\":\"https:\\\/\\\/lukkan.fi\\\/wp-content\\\/uploads\\\/2025\\\/03\\\/8B1A6450_NIKA_www_kuluttaja3-landscape-85e153b02e509e2d0f84ad52739e9871-fa31mcnpdzg8.jpg\",\"contentUrl\":\"https:\\\/\\\/lukkan.fi\\\/wp-content\\\/uploads\\\/2025\\\/03\\\/8B1A6450_NIKA_www_kuluttaja3-landscape-85e153b02e509e2d0f84ad52739e9871-fa31mcnpdzg8.jpg\"},{\"@type\":\"BreadcrumbList\",\"@id\":\"https:\\\/\\\/lukkan.fi\\\/sv\\\/nika-balkongglas\\\/#breadcrumb\",\"itemListElement\":[{\"@type\":\"ListItem\",\"position\":1,\"name\":\"Etusivu\",\"item\":\"https:\\\/\\\/lukkan.fi\\\/\"},{\"@type\":\"ListItem\",\"position\":2,\"name\":\"Nika balkongglas\"}]},{\"@type\":\"WebSite\",\"@id\":\"https:\\\/\\\/lukkan.fi\\\/#website\",\"url\":\"https:\\\/\\\/lukkan.fi\\\/\",\"name\":\"Lukkan | Sinun el\u00e4m\u00e4si tila\",\"description\":\"Sinun el\u00e4m\u00e4si tila\",\"publisher\":{\"@id\":\"https:\\\/\\\/lukkan.fi\\\/#organization\"},\"potentialAction\":[{\"@type\":\"SearchAction\",\"target\":{\"@type\":\"EntryPoint\",\"urlTemplate\":\"https:\\\/\\\/lukkan.fi\\\/?s={search_term_string}\"},\"query-input\":{\"@type\":\"PropertyValueSpecification\",\"valueRequired\":true,\"valueName\":\"search_term_string\"}}],\"inLanguage\":\"sv-SE\"},{\"@type\":\"Organization\",\"@id\":\"https:\\\/\\\/lukkan.fi\\\/#organization\",\"name\":\"Lukkan\",\"url\":\"https:\\\/\\\/lukkan.fi\\\/\",\"logo\":{\"@type\":\"ImageObject\",\"inLanguage\":\"sv-SE\",\"@id\":\"https:\\\/\\\/lukkan.fi\\\/#\\\/schema\\\/logo\\\/image\\\/\",\"url\":\"https:\\\/\\\/lukkan.fi\\\/wp-content\\\/uploads\\\/2021\\\/05\\\/lukkan-logo-fb.png\",\"contentUrl\":\"https:\\\/\\\/lukkan.fi\\\/wp-content\\\/uploads\\\/2021\\\/05\\\/lukkan-logo-fb.png\",\"width\":225,\"height\":225,\"caption\":\"Lukkan\"},\"image\":{\"@id\":\"https:\\\/\\\/lukkan.fi\\\/#\\\/schema\\\/logo\\\/image\\\/\"},\"sameAs\":[\"https:\\\/\\\/www.facebook.com\\\/Lukkanlasitusjarjestelmat\",\"https:\\\/\\\/www.instagram.com\\\/lukkan_lasitus\\\/\"],\"description\":\"Meid\u00e4n yrityksemme tarina alkaa vuodesta 1989, jolloin Lukkan-tuotteita valmistava Aluroll Oy perustettiin Sipoossa, Boxin kyl\u00e4ss\u00e4. Koska emme l\u00f6yt\u00e4neet tuon ajan markkinoilta tarpeeksi laadukkaita liukulaseja, p\u00e4\u00e4timme alkaa valmistaa tuotteita itse. Liukulaseja seurasivat jo pian ratkaisut sek\u00e4 kiinteisiin lasituksiin ett\u00e4 alumiinikaiteisiin, ja lis\u00e4\u00e4 seurasi per\u00e4ss\u00e4. Pitk\u00e4ik\u00e4isi\u00e4 tuotteita kertak\u00e4ytt\u00f6kulttuuria vastaan Lukkanin tekemist\u00e4 on alusta alkaen ajanut halu tehd\u00e4 asiat viel\u00e4 v\u00e4h\u00e4n paremmin, ja t\u00e4m\u00e4 n\u00e4kyy nykyisten tuotteittemme tinkim\u00e4tt\u00f6m\u00e4ss\u00e4 laadussa. Meille on t\u00e4rke\u00e4\u00e4, ett\u00e4 tuotteemme ovat pitk\u00e4ik\u00e4isi\u00e4. N\u00e4enn\u00e4isesti eri lasitukset voivat olla hyvin saman n\u00e4k\u00f6isi\u00e4, mutta erot piilev\u00e4t komponenttien laadussa ja suunnittelun yksityiskohdissa. Teemme jatkuvaa tuotekehityst\u00e4 ja lanseeraamme uusia entist\u00e4 parempia tuotteita. Teolliset perinteet omassa tuotannossa Lahdessa Poiketen l\u00e4hes kaikista muista toimialallamme, oma lasitehtaamme valmistaa tuotteissamme k\u00e4ytetyt lasit. Oma lasituotanto tuo toimintaamme nopeutta, ketteryytt\u00e4 ja kustannusetua. Omalla tuotannolla varmistamme my\u00f6s karkaistujen turvalasien laadun. Ty\u00f6ntekij\u00e4mme ovat ylpeit\u00e4 ammattitaidostaan ja monella heist\u00e4 on yli 30 vuoden ura takanaan lasitehtaallamme. Tuotteemme valmistetaan l\u00e4hes yksinomaan Suomessa alihankituista komponenteista ja materiaaleista. Tuotteitamme j\u00e4lleenmyyd\u00e4\u00e4n ja asennetaan Suomessa koko maan kattavalla alueella, mutta my\u00f6s Ruotsissa, Norjassa ja Saksassa.\",\"email\":\"asiakaspalvelu@lukkan.fi\",\"telephone\":\"0291 230 221\",\"legalName\":\"Aluroll Oy\",\"foundingDate\":\"1989-08-21\",\"vatID\":\"FI07622005\",\"numberOfEmployees\":{\"@type\":\"QuantitativeValue\",\"minValue\":\"51\",\"maxValue\":\"200\"}}]}<\/script>\n<!-- \/ Yoast SEO Premium plugin. -->","yoast_head_json":{"title":"Nika balkongglas | Lukkan","robots":{"index":"index","follow":"follow","max-snippet":"max-snippet:-1","max-image-preview":"max-image-preview:large","max-video-preview":"max-video-preview:-1"},"canonical":"https:\/\/lukkan.fi\/sv\/nika-balkongglas\/","og_locale":"sv_SE","og_type":"article","og_title":"Nika balkongglas","og_description":"Nika-balkonginglasning Nika-balkonginglasningar skyddar dig och din balkong mot det omv\u00e4xlande nordiska v\u00e4dret. Du kan anv\u00e4nda balkongen som en trivsam uteplats eller till och med som f\u00f6rvaringsutrymme. Nika-balkonginglasningssystem Nika-inglasningar och v\u00e5ra terrassglasprodukter kompletterar Lukkans sortiment. Vi s\u00e4ljer, f\u00f6rutom Lukkan-produkterna, \u00e4ven Nika fr\u00e5n Aluroll-koncernen. Nikas balkonginglasningar och sv\u00e4ngbara terrassglas \u00e4r fullt kompatibla med Lukkans system, s\u00e5som Lukkan-taken. [&hellip;]","og_url":"https:\/\/lukkan.fi\/sv\/nika-balkongglas\/","og_site_name":"Lukkan","article_publisher":"https:\/\/www.facebook.com\/Lukkanlasitusjarjestelmat","article_modified_time":"2025-08-08T13:25:31+00:00","og_image":[{"url":"https:\/\/lukkan.fi\/wp-content\/uploads\/2025\/03\/8B1A6450_NIKA_www_kuluttaja3-landscape-85e153b02e509e2d0f84ad52739e9871-fa31mcnpdzg8.jpg","type":"","width":"","height":""}],"twitter_card":"summary_large_image","twitter_misc":{"Ber\u00e4knad l\u00e4stid":"4 minuter"},"schema":{"@context":"https:\/\/schema.org","@graph":[{"@type":"WebPage","@id":"https:\/\/lukkan.fi\/sv\/nika-balkongglas\/","url":"https:\/\/lukkan.fi\/sv\/nika-balkongglas\/","name":"Nika balkongglas | Lukkan","isPartOf":{"@id":"https:\/\/lukkan.fi\/#website"},"primaryImageOfPage":{"@id":"https:\/\/lukkan.fi\/sv\/nika-balkongglas\/#primaryimage"},"image":{"@id":"https:\/\/lukkan.fi\/sv\/nika-balkongglas\/#primaryimage"},"thumbnailUrl":"https:\/\/lukkan.fi\/wp-content\/uploads\/2025\/03\/8B1A6450_NIKA_www_kuluttaja3-landscape-85e153b02e509e2d0f84ad52739e9871-fa31mcnpdzg8.jpg","datePublished":"2025-08-08T13:25:15+00:00","dateModified":"2025-08-08T13:25:31+00:00","breadcrumb":{"@id":"https:\/\/lukkan.fi\/sv\/nika-balkongglas\/#breadcrumb"},"inLanguage":"sv-SE","potentialAction":[{"@type":"ReadAction","target":["https:\/\/lukkan.fi\/sv\/nika-balkongglas\/"]}]},{"@type":"ImageObject","inLanguage":"sv-SE","@id":"https:\/\/lukkan.fi\/sv\/nika-balkongglas\/#primaryimage","url":"https:\/\/lukkan.fi\/wp-content\/uploads\/2025\/03\/8B1A6450_NIKA_www_kuluttaja3-landscape-85e153b02e509e2d0f84ad52739e9871-fa31mcnpdzg8.jpg","contentUrl":"https:\/\/lukkan.fi\/wp-content\/uploads\/2025\/03\/8B1A6450_NIKA_www_kuluttaja3-landscape-85e153b02e509e2d0f84ad52739e9871-fa31mcnpdzg8.jpg"},{"@type":"BreadcrumbList","@id":"https:\/\/lukkan.fi\/sv\/nika-balkongglas\/#breadcrumb","itemListElement":[{"@type":"ListItem","position":1,"name":"Etusivu","item":"https:\/\/lukkan.fi\/"},{"@type":"ListItem","position":2,"name":"Nika balkongglas"}]},{"@type":"WebSite","@id":"https:\/\/lukkan.fi\/#website","url":"https:\/\/lukkan.fi\/","name":"Lukkan | Sinun el\u00e4m\u00e4si tila","description":"Sinun el\u00e4m\u00e4si tila","publisher":{"@id":"https:\/\/lukkan.fi\/#organization"},"potentialAction":[{"@type":"SearchAction","target":{"@type":"EntryPoint","urlTemplate":"https:\/\/lukkan.fi\/?s={search_term_string}"},"query-input":{"@type":"PropertyValueSpecification","valueRequired":true,"valueName":"search_term_string"}}],"inLanguage":"sv-SE"},{"@type":"Organization","@id":"https:\/\/lukkan.fi\/#organization","name":"Lukkan","url":"https:\/\/lukkan.fi\/","logo":{"@type":"ImageObject","inLanguage":"sv-SE","@id":"https:\/\/lukkan.fi\/#\/schema\/logo\/image\/","url":"https:\/\/lukkan.fi\/wp-content\/uploads\/2021\/05\/lukkan-logo-fb.png","contentUrl":"https:\/\/lukkan.fi\/wp-content\/uploads\/2021\/05\/lukkan-logo-fb.png","width":225,"height":225,"caption":"Lukkan"},"image":{"@id":"https:\/\/lukkan.fi\/#\/schema\/logo\/image\/"},"sameAs":["https:\/\/www.facebook.com\/Lukkanlasitusjarjestelmat","https:\/\/www.instagram.com\/lukkan_lasitus\/"],"description":"Meid\u00e4n yrityksemme tarina alkaa vuodesta 1989, jolloin Lukkan-tuotteita valmistava Aluroll Oy perustettiin Sipoossa, Boxin kyl\u00e4ss\u00e4. Koska emme l\u00f6yt\u00e4neet tuon ajan markkinoilta tarpeeksi laadukkaita liukulaseja, p\u00e4\u00e4timme alkaa valmistaa tuotteita itse. Liukulaseja seurasivat jo pian ratkaisut sek\u00e4 kiinteisiin lasituksiin ett\u00e4 alumiinikaiteisiin, ja lis\u00e4\u00e4 seurasi per\u00e4ss\u00e4. Pitk\u00e4ik\u00e4isi\u00e4 tuotteita kertak\u00e4ytt\u00f6kulttuuria vastaan Lukkanin tekemist\u00e4 on alusta alkaen ajanut halu tehd\u00e4 asiat viel\u00e4 v\u00e4h\u00e4n paremmin, ja t\u00e4m\u00e4 n\u00e4kyy nykyisten tuotteittemme tinkim\u00e4tt\u00f6m\u00e4ss\u00e4 laadussa. Meille on t\u00e4rke\u00e4\u00e4, ett\u00e4 tuotteemme ovat pitk\u00e4ik\u00e4isi\u00e4. N\u00e4enn\u00e4isesti eri lasitukset voivat olla hyvin saman n\u00e4k\u00f6isi\u00e4, mutta erot piilev\u00e4t komponenttien laadussa ja suunnittelun yksityiskohdissa. Teemme jatkuvaa tuotekehityst\u00e4 ja lanseeraamme uusia entist\u00e4 parempia tuotteita. Teolliset perinteet omassa tuotannossa Lahdessa Poiketen l\u00e4hes kaikista muista toimialallamme, oma lasitehtaamme valmistaa tuotteissamme k\u00e4ytetyt lasit. Oma lasituotanto tuo toimintaamme nopeutta, ketteryytt\u00e4 ja kustannusetua. Omalla tuotannolla varmistamme my\u00f6s karkaistujen turvalasien laadun. Ty\u00f6ntekij\u00e4mme ovat ylpeit\u00e4 ammattitaidostaan ja monella heist\u00e4 on yli 30 vuoden ura takanaan lasitehtaallamme. Tuotteemme valmistetaan l\u00e4hes yksinomaan Suomessa alihankituista komponenteista ja materiaaleista. Tuotteitamme j\u00e4lleenmyyd\u00e4\u00e4n ja asennetaan Suomessa koko maan kattavalla alueella, mutta my\u00f6s Ruotsissa, Norjassa ja Saksassa.","email":"asiakaspalvelu@lukkan.fi","telephone":"0291 230 221","legalName":"Aluroll Oy","foundingDate":"1989-08-21","vatID":"FI07622005","numberOfEmployees":{"@type":"QuantitativeValue","minValue":"51","maxValue":"200"}}]}},"_links":{"self":[{"href":"https:\/\/lukkan.fi\/sv\/wp-json\/wp\/v2\/pages\/7716","targetHints":{"allow":["GET"]}}],"collection":[{"href":"https:\/\/lukkan.fi\/sv\/wp-json\/wp\/v2\/pages"}],"about":[{"href":"https:\/\/lukkan.fi\/sv\/wp-json\/wp\/v2\/types\/page"}],"author":[{"embeddable":true,"href":"https:\/\/lukkan.fi\/sv\/wp-json\/wp\/v2\/users\/16"}],"replies":[{"embeddable":true,"href":"https:\/\/lukkan.fi\/sv\/wp-json\/wp\/v2\/comments?post=7716"}],"version-history":[{"count":3,"href":"https:\/\/lukkan.fi\/sv\/wp-json\/wp\/v2\/pages\/7716\/revisions"}],"predecessor-version":[{"id":7720,"href":"https:\/\/lukkan.fi\/sv\/wp-json\/wp\/v2\/pages\/7716\/revisions\/7720"}],"wp:attachment":[{"href":"https:\/\/lukkan.fi\/sv\/wp-json\/wp\/v2\/media?parent=7716"}],"curies":[{"name":"wp","href":"https:\/\/api.w.org\/{rel}","templated":true}]}}